{"id":57972,"date":"2024-02-13T16:50:06","date_gmt":"2024-02-13T15:50:06","guid":{"rendered":"https:\/\/stg-gtt.com\/?page_id=57972"},"modified":"2024-02-13T16:50:08","modified_gmt":"2024-02-13T15:50:08","slug":"assemblees-generales","status":"publish","type":"page","link":"https:\/\/stg-gtt.com\/fr\/assemblees-generales\/","title":{"rendered":"Assembl\u00e9es G\u00e9n\u00e9rales"},"content":{"rendered":"","protected":false},"excerpt":{"rendered":"","protected":false},"author":1,"featured_media":0,"parent":0,"menu_order":0,"comment_status":"closed","ping_status":"closed","template":"","meta":{"footnotes":""},"class_list":["post-57972","page","type-page","status-publish","hentry","description-off"],"_links":{"self":[{"href":"https:\/\/stg-gtt.com\/fr\/wp-json\/wp\/v2\/pages\/57972","targetHints":{"allow":["GET"]}}],"collection":[{"href":"https:\/\/stg-gtt.com\/fr\/wp-json\/wp\/v2\/pages"}],"about":[{"href":"https:\/\/stg-gtt.com\/fr\/wp-json\/wp\/v2\/types\/page"}],"author":[{"embeddable":true,"href":"https:\/\/stg-gtt.com\/fr\/wp-json\/wp\/v2\/users\/1"}],"replies":[{"embeddable":true,"href":"https:\/\/stg-gtt.com\/fr\/wp-json\/wp\/v2\/comments?post=57972"}],"version-history":[{"count":1,"href":"https:\/\/stg-gtt.com\/fr\/wp-json\/wp\/v2\/pages\/57972\/revisions"}],"predecessor-version":[{"id":57973,"href":"https:\/\/stg-gtt.com\/fr\/wp-json\/wp\/v2\/pages\/57972\/revisions\/57973"}],"wp:attachment":[{"href":"https:\/\/stg-gtt.com\/fr\/wp-json\/wp\/v2\/media?parent=57972"}],"curies":[{"name":"wp","href":"https:\/\/api.w.org\/{rel}","templated":true}]}}