{"id":59149,"date":"2024-04-17T16:36:42","date_gmt":"2024-04-17T14:36:42","guid":{"rendered":"https:\/\/stg-gtt.com\/?page_id=59149"},"modified":"2024-06-10T14:10:16","modified_gmt":"2024-06-10T12:10:16","slug":"vision-mission-statement-values","status":"publish","type":"page","link":"http:\/\/stg-gtt.com\/fr\/vision-mission-statement-values\/","title":{"rendered":"Vision, Raison d'\u00catre et Valeurs"},"content":{"rendered":"<div class=\"wpb-content-wrapper\"><div class=\"vc_row wpb_row vc_row-fluid\"><div class=\"wpb_column vc_column_container vc_col-sm-2\"><div class=\"vc_column-inner\"><div class=\"wpb_wrapper\"><\/div><\/div><\/div><div class=\"wpb_column vc_column_container vc_col-sm-8\"><div class=\"vc_column-inner\"><div class=\"wpb_wrapper\">\n\t<div class=\"wpb_text_column wpb_content_element  wpb_animate_when_almost_visible wpb_fadeIn fadeIn\" >\n\t\t<div class=\"wpb_wrapper\">\n\t\t\t<p style=\"text-align: center;\"><span style=\"color: #003869; font-size: 18pt;\"><strong>La raison d\u2019\u00eatre, la vision et les valeurs de GTT<\/strong><\/span><\/p>\n<p style=\"text-align: center;\"><strong><span style=\"font-size: 18pt; color: #003869;\">animent son engagement \u00e0 contribuer \u00e0 la construction d\u2019un monde durable.<\/span><\/strong><\/p>\n\n\t\t<\/div>\n\t<\/div>\n<div class=\"vc_empty_space\"   style=\"height: 70px\"><span class=\"vc_empty_space_inner\"><\/span><\/div><\/div><\/div><\/div><div class=\"wpb_column vc_column_container vc_col-sm-2\"><div class=\"vc_column-inner\"><div class=\"wpb_wrapper\"><\/div><\/div><\/div><\/div><div class=\"vc_row wpb_row vc_row-fluid\"><div class=\"wpb_column vc_column_container vc_col-sm-12\"><div class=\"vc_column-inner\"><div class=\"wpb_wrapper\">\n\t<div class=\"wpb_text_column wpb_content_element\" >\n\t\t<div class=\"wpb_wrapper\">\n\t\t\t<p>En tant que groupe technologique et d'ing\u00e9nierie de premier plan, nous sommes des pionniers de l'industrie d\u00e9sireux de relever les d\u00e9fis de la transition \u00e9nerg\u00e9tique dans les secteurs maritime et \u00e9nerg\u00e9tique. Notre exp\u00e9rience nous permet d'avoir une vision claire de l'avenir.<\/p>\n<p>Chez GTT, notre identit\u00e9 s'exprime au travers de notre raison d'\u00eatre et de notre vision, qui d\u00e9finissent l'essence m\u00eame de notre existence, et de nos valeurs, qui d\u00e9crivent la fa\u00e7on dont nous travaillons au quotidien.<\/p>\n<p>Cette identit\u00e9 se refl\u00e8te \u00e9galement dans nos engagements en mati\u00e8re de RSE, qui mettent en \u00e9vidence ce qui compte vraiment pour nous et nos priorit\u00e9s strat\u00e9giques.<\/p>\n\n\t\t<\/div>\n\t<\/div>\n<div class=\"vc_empty_space\"   style=\"height: 60px\"><span class=\"vc_empty_space_inner\"><\/span><\/div><\/div><\/div><\/div><\/div><div class=\"vc_row wpb_row vc_row-fluid\"><div class=\"wpb_column vc_column_container vc_col-sm-6\"><div class=\"vc_column-inner\"><div class=\"wpb_wrapper\"><div class=\"vc_empty_space\"   style=\"height: 40px\"><span class=\"vc_empty_space_inner\"><\/span><\/div><div class=\"dt-fancy-separator h2-size\" style=\"width: 100%;\"><div class=\"dt-fancy-title\" style=\"color: #003869;\"><span class=\"separator-holder separator-left\" style=\"border-color: rgba(128,128,128,0.18);\"><\/span>Notre raison d'\u00eatre<span class=\"separator-holder separator-right\" style=\"border-color: rgba(128,128,128,0.18);\"><\/span><\/div><\/div><div class=\"vc_empty_space\"   style=\"height: 30px\"><span class=\"vc_empty_space_inner\"><\/span><\/div>\n\t<div class=\"wpb_text_column wpb_content_element\" >\n\t\t<div class=\"wpb_wrapper\">\n\t\t\t<p style=\"text-align: center;\"><span style=\"font-size: 12pt;\">Fruit de plusieurs mois de travail collaboratif, la raison d'\u00eatre de GTT a \u00e9t\u00e9 int\u00e9gr\u00e9e aux statuts de l'entreprise en juin 2020.<\/span><\/p>\n<p>&nbsp;<\/p>\n<p style=\"text-align: center;\"><span style=\"color: #003869; font-size: 14pt;\"><strong><em>\u00ab Notre mission est de concevoir des solutions technologiques de pointe pour une meilleure performance \u00e9nerg\u00e9tique. Nous mettons notre passion de l\u2019innovation et notre excellence technique au service de nos clients, afin de r\u00e9pondre \u00e0 leurs enjeux de transformation.<\/em><\/strong><\/span><\/p>\n<p style=\"text-align: center;\"><span style=\"color: #003869; font-size: 14pt;\"><strong><em>Les collaboratrices et les collaborateurs de GTT sont au c\u0153ur de cette mission.<\/em><\/strong><\/span><\/p>\n<p style=\"text-align: center;\"><span style=\"color: #003869; font-size: 14pt;\"><strong><em>Engag\u00e9s et solidaires, nous sommes d\u00e9termin\u00e9s \u00e0 contribuer \u00e0 l\u2019invention d\u2019un monde durable. \u00bb<\/em><\/strong><\/span><\/p>\n\n\t\t<\/div>\n\t<\/div>\n<\/div><\/div><\/div><div class=\"wpb_column vc_column_container vc_col-sm-6\"><div class=\"vc_column-inner\"><div class=\"wpb_wrapper\">\n\t<div  class=\"wpb_single_image wpb_content_element vc_align_left  wpb_animate_when_almost_visible wpb_fadeInRight fadeInRight\">\n\t\t\n\t\t<figure class=\"wpb_wrapper vc_figure\">\n\t\t\t<div class=\"vc_single_image-wrapper   vc_box_border_grey\"><img loading=\"lazy\" decoding=\"async\" width=\"1024\" height=\"1024\" src=\"http:\/\/stg-gtt.com\/wp-content\/uploads\/2024\/03\/iStock-1363277204-copie-WEB-1024x1024.jpg\" class=\"vc_single_image-img attachment-large\" alt=\"\" title=\"\" srcset=\"http:\/\/stg-gtt.com\/wp-content\/uploads\/2024\/03\/iStock-1363277204-copie-WEB-1024x1024.jpg 1024w, http:\/\/stg-gtt.com\/wp-content\/uploads\/2024\/03\/iStock-1363277204-copie-WEB-300x300.jpg 300w, http:\/\/stg-gtt.com\/wp-content\/uploads\/2024\/03\/iStock-1363277204-copie-WEB-150x150.jpg 150w, http:\/\/stg-gtt.com\/wp-content\/uploads\/2024\/03\/iStock-1363277204-copie-WEB-768x768.jpg 768w, http:\/\/stg-gtt.com\/wp-content\/uploads\/2024\/03\/iStock-1363277204-copie-WEB-12x12.jpg 12w, http:\/\/stg-gtt.com\/wp-content\/uploads\/2024\/03\/iStock-1363277204-copie-WEB.jpg 1339w\" sizes=\"auto, (max-width: 1024px) 100vw, 1024px\"  data-dt-location=\"http:\/\/stg-gtt.com\/fr\/ethics-compliance\/asian-woman-engineer-arm-crossed-and-smile-with-confident-looking-forward-to-future-with-oil-refinery-plant-factory-in-background\/\" \/><\/div>\n\t\t<\/figure>\n\t<\/div>\n<\/div><\/div><\/div><\/div><div class=\"vc_row wpb_row vc_row-fluid\"><div class=\"wpb_column vc_column_container vc_col-sm-12\"><div class=\"vc_column-inner\"><div class=\"wpb_wrapper\"><div class=\"vc_empty_space\"   style=\"height: 50px\"><span class=\"vc_empty_space_inner\"><\/span><\/div><\/div><\/div><\/div><\/div><div class=\"vc_row wpb_row vc_row-fluid\"><div class=\"wpb_column vc_column_container vc_col-sm-6\"><div class=\"vc_column-inner\"><div class=\"wpb_wrapper\">\n\t<div  class=\"wpb_single_image wpb_content_element vc_align_left  wpb_animate_when_almost_visible wpb_fadeInLeft fadeInLeft\">\n\t\t\n\t\t<figure class=\"wpb_wrapper vc_figure\">\n\t\t\t<div class=\"vc_single_image-wrapper   vc_box_border_grey\"><img loading=\"lazy\" decoding=\"async\" width=\"1024\" height=\"1024\" src=\"http:\/\/stg-gtt.com\/wp-content\/uploads\/2024\/04\/equipe-divers-collegues-dans-bureau-moderne-discute-ensemble-leur-projet-WEB-e1716900799339-1024x1024.jpg\" class=\"vc_single_image-img attachment-large\" alt=\"\" title=\"equipe-divers-collegues-dans-bureau-moderne-discute-ensemble-leur-projet-WEB\" srcset=\"http:\/\/stg-gtt.com\/wp-content\/uploads\/2024\/04\/equipe-divers-collegues-dans-bureau-moderne-discute-ensemble-leur-projet-WEB-e1716900799339-1024x1024.jpg 1024w, http:\/\/stg-gtt.com\/wp-content\/uploads\/2024\/04\/equipe-divers-collegues-dans-bureau-moderne-discute-ensemble-leur-projet-WEB-e1716900799339-300x300.jpg 300w, http:\/\/stg-gtt.com\/wp-content\/uploads\/2024\/04\/equipe-divers-collegues-dans-bureau-moderne-discute-ensemble-leur-projet-WEB-e1716900799339-150x150.jpg 150w, http:\/\/stg-gtt.com\/wp-content\/uploads\/2024\/04\/equipe-divers-collegues-dans-bureau-moderne-discute-ensemble-leur-projet-WEB-e1716900799339-768x768.jpg 768w, http:\/\/stg-gtt.com\/wp-content\/uploads\/2024\/04\/equipe-divers-collegues-dans-bureau-moderne-discute-ensemble-leur-projet-WEB-e1716900799339-12x12.jpg 12w, http:\/\/stg-gtt.com\/wp-content\/uploads\/2024\/04\/equipe-divers-collegues-dans-bureau-moderne-discute-ensemble-leur-projet-WEB-e1716900799339.jpg 1420w\" sizes=\"auto, (max-width: 1024px) 100vw, 1024px\"  data-dt-location=\"http:\/\/stg-gtt.com\/fr\/vision-mission-statement-values\/equipe-divers-collegues-dans-bureau-moderne-discute-ensemble-leur-projet-web\/\" \/><\/div>\n\t\t<\/figure>\n\t<\/div>\n<\/div><\/div><\/div><div class=\"wpb_column vc_column_container vc_col-sm-6\"><div class=\"vc_column-inner\"><div class=\"wpb_wrapper\"><div class=\"vc_empty_space\"   style=\"height: 40px\"><span class=\"vc_empty_space_inner\"><\/span><\/div><div class=\"dt-fancy-separator h2-size\" style=\"width: 100%;\"><div class=\"dt-fancy-title\" style=\"color: #003869;\"><span class=\"separator-holder separator-left\" style=\"border-color: rgba(128,128,128,0.18);\"><\/span>Notre vision<span class=\"separator-holder separator-right\" style=\"border-color: rgba(128,128,128,0.18);\"><\/span><\/div><\/div><div class=\"vc_empty_space\"   style=\"height: 30px\"><span class=\"vc_empty_space_inner\"><\/span><\/div>\n\t<div class=\"wpb_text_column wpb_content_element\" >\n\t\t<div class=\"wpb_wrapper\">\n\t\t\t<p style=\"text-align: center;\"><span style=\"font-size: 14pt; color: #003869;\"><strong><em>Des technologies pour un monde durable.<\/em>.<\/strong><\/span><\/p>\n<p style=\"text-align: center;\">Gr\u00e2ce \u00e0 ses technologies innovantes, GTT est aujourd'hui un acteur de premier plan dans la conception de syst\u00e8mes de confinement \u00e0 membranes pour le transport maritime et le stockage de gaz naturel liqu\u00e9fi\u00e9.<\/p>\n<p style=\"text-align: center;\">Fort de cette expertise, GTT poursuit sa croissance \u00e9conomique en s'appuyant sur deux leviers : la priorit\u00e9 donn\u00e9e \u00e0 son capital humain, atout majeur du Groupe, et la gestion responsable de ses impacts environnementaux directs et indirects.<\/p>\n<p>&nbsp;<\/p>\n<p style=\"text-align: center;\" class=\" translation-block\">La vision de GTT consiste \u00e0 donner acc\u00e8s aux solutions \u00e9nerg\u00e9tiques les plus propres, de mani\u00e8re \u00e9conomique et s\u00e9curis\u00e9e. Par ailleurs, GTT anticipe les grandes ruptures technologiques et environnementales en accompagnant la transformation du paysage \u00e9nerg\u00e9tique mondial.<\/p>\n\n\t\t<\/div>\n\t<\/div>\n<\/div><\/div><\/div><\/div><div class=\"vc_row wpb_row vc_row-fluid\"><div class=\"wpb_column vc_column_container vc_col-sm-12\"><div class=\"vc_column-inner\"><div class=\"wpb_wrapper\"><div class=\"vc_empty_space\"   style=\"height: 60px\"><span class=\"vc_empty_space_inner\"><\/span><\/div>\n\t<div class=\"wpb_text_column wpb_content_element\" >\n\t\t<div class=\"wpb_wrapper\">\n\t\t\t<p style=\"text-align: center;\">Cinq valeurs fondamentales partag\u00e9es par tous au sein du Groupe GTT sont les piliers de notre performance et de notre p\u00e9rennit\u00e9.<\/p>\n\n\t\t<\/div>\n\t<\/div>\n<div class=\"vc_empty_space\"   style=\"height: 20px\"><span class=\"vc_empty_space_inner\"><\/span><\/div><div class=\"dt-fancy-separator h2-size\" style=\"width: 100%;\"><div class=\"dt-fancy-title\" style=\"color: #003869;\"><span class=\"separator-holder separator-left\" style=\"border-color: rgba(128,128,128,0.18);\"><\/span>Nos valeurs<span class=\"separator-holder separator-right\" style=\"border-color: rgba(128,128,128,0.18);\"><\/span><\/div><\/div><\/div><\/div><\/div><\/div><div class=\"vc_row wpb_row vc_row-fluid\"><div class=\"wpb_column vc_column_container vc_col-sm-12\"><div class=\"vc_column-inner\"><div class=\"wpb_wrapper\"><div class=\"vc_empty_space\"   style=\"height: 50px\"><span class=\"vc_empty_space_inner\"><\/span><\/div><\/div><\/div><\/div><\/div><div class=\"vc_row wpb_row vc_row-fluid\"><div class=\"wpb_column vc_column_container vc_col-sm-1\/5\"><div class=\"vc_column-inner\"><div class=\"wpb_wrapper\"><div class=\"ult-just-icon-wrapper\"><div class=\"align-icon\" style=\"text-align:right;\">\n<div class=\"aio-icon-img\" style=\"font-size:65px;display:inline-block;\" data-animation=\"fadeIn\" data-animation-delay=\"03\">\n\t<img decoding=\"async\" class=\"img-icon\" alt=\"null\" src=\"http:\/\/stg-gtt.com\/wp-content\/uploads\/2024\/05\/Picto-safety.png\"\/>\n<\/div><\/div><\/div><\/div><\/div><\/div><div class=\"wpb_column vc_column_container vc_col-sm-4\/5\"><div class=\"vc_column-inner\"><div class=\"wpb_wrapper\">\n\t<div class=\"wpb_text_column wpb_content_element  wpb_animate_when_almost_visible wpb_fadeIn fadeIn\" >\n\t\t<div class=\"wpb_wrapper\">\n\t\t\t<p><span style=\"color: #003869; font-size: 14pt;\"><strong>SECURIT\u00c9<\/strong><\/span><\/p>\n\n\t\t<\/div>\n\t<\/div>\n\n\t<div class=\"wpb_text_column wpb_content_element  wpb_animate_when_almost_visible wpb_fadeIn fadeIn\" >\n\t\t<div class=\"wpb_wrapper\">\n\t\t\t<p>GTT op\u00e8re dans le secteur des technologies du transport et du stockage du gaz liqu\u00e9fi\u00e9, ce qui conduit le Groupe \u00e0 attacher une tr\u00e8s grande importance \u00e0 la s\u00e9curit\u00e9. GTT se doit d\u2019assurer la s\u00e9curit\u00e9 de ses collaborateurs, de ses technologies, de ses services et de ses clients.<\/p>\n\n\t\t<\/div>\n\t<\/div>\n<\/div><\/div><\/div><\/div><div class=\"vc_row wpb_row vc_row-fluid\"><div class=\"wpb_column vc_column_container vc_col-sm-12\"><div class=\"vc_column-inner\"><div class=\"wpb_wrapper\"><div class=\"vc_empty_space\"   style=\"height: 32px\"><span class=\"vc_empty_space_inner\"><\/span><\/div><div class=\"vc_separator wpb_content_element vc_separator_align_center vc_sep_width_60 vc_sep_pos_align_center vc_separator_no_text vc_sep_color_grey  wpb_animate_when_almost_visible wpb_fadeIn fadeIn wpb_animate_when_almost_visible wpb_fadeIn fadeIn\" ><span class=\"vc_sep_holder vc_sep_holder_l\"><span class=\"vc_sep_line\"><\/span><\/span><span class=\"vc_sep_holder vc_sep_holder_r\"><span class=\"vc_sep_line\"><\/span><\/span>\n<\/div><div class=\"vc_empty_space\"   style=\"height: 32px\"><span class=\"vc_empty_space_inner\"><\/span><\/div><\/div><\/div><\/div><\/div><div class=\"vc_row wpb_row vc_row-fluid\"><div class=\"wpb_column vc_column_container vc_col-sm-1\/5\"><div class=\"vc_column-inner\"><div class=\"wpb_wrapper\"><div class=\"ult-just-icon-wrapper\"><div class=\"align-icon\" style=\"text-align:right;\">\n<div class=\"aio-icon-img\" style=\"font-size:65px;display:inline-block;\" data-animation=\"fadeIn\" data-animation-delay=\"03\">\n\t<img decoding=\"async\" class=\"img-icon\" alt=\"null\" src=\"http:\/\/stg-gtt.com\/wp-content\/uploads\/2024\/05\/picto-excellence.png\"\/>\n<\/div><\/div><\/div><\/div><\/div><\/div><div class=\"wpb_column vc_column_container vc_col-sm-4\/5\"><div class=\"vc_column-inner\"><div class=\"wpb_wrapper\">\n\t<div class=\"wpb_text_column wpb_content_element  wpb_animate_when_almost_visible wpb_fadeIn fadeIn\" >\n\t\t<div class=\"wpb_wrapper\">\n\t\t\t<p><span style=\"color: #003869; font-size: 14pt;\"><strong>EXCELLENCE<\/strong><\/span><\/p>\n\n\t\t<\/div>\n\t<\/div>\n\n\t<div class=\"wpb_text_column wpb_content_element  wpb_animate_when_almost_visible wpb_fadeIn fadeIn\" >\n\t\t<div class=\"wpb_wrapper\">\n\t\t\t<p>GTT doit tendre vers l\u2019excellence dans tous ses processus, condition qui lui permet de rester pr\u00e9sent sur ses march\u00e9s, actuels et \u00e0 venir.<\/p>\n\n\t\t<\/div>\n\t<\/div>\n<\/div><\/div><\/div><\/div><div class=\"vc_row wpb_row vc_row-fluid\"><div class=\"wpb_column vc_column_container vc_col-sm-12\"><div class=\"vc_column-inner\"><div class=\"wpb_wrapper\"><div class=\"vc_empty_space\"   style=\"height: 32px\"><span class=\"vc_empty_space_inner\"><\/span><\/div><div class=\"vc_separator wpb_content_element vc_separator_align_center vc_sep_width_60 vc_sep_pos_align_center vc_separator_no_text vc_sep_color_grey  wpb_animate_when_almost_visible wpb_fadeIn fadeIn wpb_animate_when_almost_visible wpb_fadeIn fadeIn\" ><span class=\"vc_sep_holder vc_sep_holder_l\"><span class=\"vc_sep_line\"><\/span><\/span><span class=\"vc_sep_holder vc_sep_holder_r\"><span class=\"vc_sep_line\"><\/span><\/span>\n<\/div><div class=\"vc_empty_space\"   style=\"height: 32px\"><span class=\"vc_empty_space_inner\"><\/span><\/div><\/div><\/div><\/div><\/div><div class=\"vc_row wpb_row vc_row-fluid\"><div class=\"wpb_column vc_column_container vc_col-sm-1\/5\"><div class=\"vc_column-inner\"><div class=\"wpb_wrapper\"><div class=\"ult-just-icon-wrapper\"><div class=\"align-icon\" style=\"text-align:right;\">\n<div class=\"aio-icon-img\" style=\"font-size:65px;display:inline-block;\" data-animation=\"fadeIn\" data-animation-delay=\"03\">\n\t<img decoding=\"async\" class=\"img-icon\" alt=\"null\" src=\"http:\/\/stg-gtt.com\/wp-content\/uploads\/2024\/05\/picto-innovation.png\"\/>\n<\/div><\/div><\/div><\/div><\/div><\/div><div class=\"wpb_column vc_column_container vc_col-sm-4\/5\"><div class=\"vc_column-inner\"><div class=\"wpb_wrapper\">\n\t<div class=\"wpb_text_column wpb_content_element  wpb_animate_when_almost_visible wpb_fadeIn fadeIn\" >\n\t\t<div class=\"wpb_wrapper\">\n\t\t\t<p><span style=\"color: #003869; font-size: 14pt;\"><strong>INNOVATION<\/strong><\/span><\/p>\n\n\t\t<\/div>\n\t<\/div>\n\n\t<div class=\"wpb_text_column wpb_content_element  wpb_animate_when_almost_visible wpb_fadeIn fadeIn\" >\n\t\t<div class=\"wpb_wrapper\">\n\t\t\t<div class=\"icon-with-text-shortcode icon-text-id-9e01b0e38309b97125bd74416b478f00 layout-4\">\n<div class=\"dt-text-desc\">Au fil du temps, les technologies de GTT se sont impos\u00e9es sur le march\u00e9 mondial en tant que r\u00e9f\u00e9rences dans le transport du gaz liqu\u00e9fi\u00e9. Cette d\u00e9marche d\u2019innovation se poursuit \u00e0 tous les niveaux (technologies, organisation) et constitue la condition sine qua non pour conforter notre avance technologique.<\/div>\n<\/div>\n\n\t\t<\/div>\n\t<\/div>\n<\/div><\/div><\/div><\/div><div class=\"vc_row wpb_row vc_row-fluid\"><div class=\"wpb_column vc_column_container vc_col-sm-12\"><div class=\"vc_column-inner\"><div class=\"wpb_wrapper\"><div class=\"vc_empty_space\"   style=\"height: 32px\"><span class=\"vc_empty_space_inner\"><\/span><\/div><div class=\"vc_separator wpb_content_element vc_separator_align_center vc_sep_width_60 vc_sep_pos_align_center vc_separator_no_text vc_sep_color_grey  wpb_animate_when_almost_visible wpb_fadeIn fadeIn wpb_animate_when_almost_visible wpb_fadeIn fadeIn\" ><span class=\"vc_sep_holder vc_sep_holder_l\"><span class=\"vc_sep_line\"><\/span><\/span><span class=\"vc_sep_holder vc_sep_holder_r\"><span class=\"vc_sep_line\"><\/span><\/span>\n<\/div><div class=\"vc_empty_space\"   style=\"height: 32px\"><span class=\"vc_empty_space_inner\"><\/span><\/div><\/div><\/div><\/div><\/div><div class=\"vc_row wpb_row vc_row-fluid\"><div class=\"wpb_column vc_column_container vc_col-sm-1\/5\"><div class=\"vc_column-inner\"><div class=\"wpb_wrapper\"><div class=\"ult-just-icon-wrapper\"><div class=\"align-icon\" style=\"text-align:right;\">\n<div class=\"aio-icon-img\" style=\"font-size:65px;display:inline-block;\" data-animation=\"fadeIn\" data-animation-delay=\"03\">\n\t<img decoding=\"async\" class=\"img-icon\" alt=\"null\" src=\"http:\/\/stg-gtt.com\/wp-content\/uploads\/2024\/05\/Picto-Teamwork.png\"\/>\n<\/div><\/div><\/div><\/div><\/div><\/div><div class=\"wpb_column vc_column_container vc_col-sm-4\/5\"><div class=\"vc_column-inner\"><div class=\"wpb_wrapper\">\n\t<div class=\"wpb_text_column wpb_content_element  wpb_animate_when_almost_visible wpb_fadeIn fadeIn\" >\n\t\t<div class=\"wpb_wrapper\">\n\t\t\t<p><span style=\"color: #003869; font-size: 14pt;\"><strong>TRAVAIL EN \u00c9QUIPE<\/strong><\/span><\/p>\n\n\t\t<\/div>\n\t<\/div>\n\n\t<div class=\"wpb_text_column wpb_content_element  wpb_animate_when_almost_visible wpb_fadeIn fadeIn\" >\n\t\t<div class=\"wpb_wrapper\">\n\t\t\t<p>Les activit\u00e9s de GTT n\u00e9cessitent un travail en \u00e9quipe permanent : en interne, avec ses clients, les clients de ses clients et ses fournisseurs.<\/p>\n\n\t\t<\/div>\n\t<\/div>\n<\/div><\/div><\/div><\/div><div class=\"vc_row wpb_row vc_row-fluid\"><div class=\"wpb_column vc_column_container vc_col-sm-12\"><div class=\"vc_column-inner\"><div class=\"wpb_wrapper\"><div class=\"vc_empty_space\"   style=\"height: 32px\"><span class=\"vc_empty_space_inner\"><\/span><\/div><div class=\"vc_separator wpb_content_element vc_separator_align_center vc_sep_width_60 vc_sep_pos_align_center vc_separator_no_text vc_sep_color_grey  wpb_animate_when_almost_visible wpb_fadeIn fadeIn wpb_animate_when_almost_visible wpb_fadeIn fadeIn\" ><span class=\"vc_sep_holder vc_sep_holder_l\"><span class=\"vc_sep_line\"><\/span><\/span><span class=\"vc_sep_holder vc_sep_holder_r\"><span class=\"vc_sep_line\"><\/span><\/span>\n<\/div><div class=\"vc_empty_space\"   style=\"height: 32px\"><span class=\"vc_empty_space_inner\"><\/span><\/div><\/div><\/div><\/div><\/div><div class=\"vc_row wpb_row vc_row-fluid\"><div class=\"wpb_column vc_column_container vc_col-sm-1\/5\"><div class=\"vc_column-inner\"><div class=\"wpb_wrapper\"><div class=\"ult-just-icon-wrapper\"><div class=\"align-icon\" style=\"text-align:right;\">\n<div class=\"aio-icon-img\" style=\"font-size:65px;display:inline-block;\" data-animation=\"fadeIn\" data-animation-delay=\"03\">\n\t<img decoding=\"async\" class=\"img-icon\" alt=\"null\" src=\"http:\/\/stg-gtt.com\/wp-content\/uploads\/2024\/05\/Picto-Transparence.png\"\/>\n<\/div><\/div><\/div><\/div><\/div><\/div><div class=\"wpb_column vc_column_container vc_col-sm-4\/5\"><div class=\"vc_column-inner\"><div class=\"wpb_wrapper\">\n\t<div class=\"wpb_text_column wpb_content_element  wpb_animate_when_almost_visible wpb_fadeIn fadeIn\" >\n\t\t<div class=\"wpb_wrapper\">\n\t\t\t<p><span style=\"color: #003869; font-size: 14pt;\"><strong>TRANSPARENCE<\/strong><\/span><\/p>\n\n\t\t<\/div>\n\t<\/div>\n\n\t<div class=\"wpb_text_column wpb_content_element  wpb_animate_when_almost_visible wpb_fadeIn fadeIn\" >\n\t\t<div class=\"wpb_wrapper\">\n\t\t\t<p>Renforcer la transparence dans ses relations permet \u00e0 GTT d\u2019\u00e9tablir des relations de confiance \u00e0 long terme avec ses clients directs, ses clients finaux et entre ses collaborateurs.<\/p>\n\n\t\t<\/div>\n\t<\/div>\n<\/div><\/div><\/div><\/div><div class=\"vc_row wpb_row vc_row-fluid\"><div class=\"wpb_column vc_column_container vc_col-sm-12\"><div class=\"vc_column-inner\"><div class=\"wpb_wrapper\"><div class=\"vc_empty_space\"   style=\"height: 32px\"><span class=\"vc_empty_space_inner\"><\/span><\/div><div class=\"vc_separator wpb_content_element vc_separator_align_center vc_sep_width_100 vc_sep_pos_align_center vc_separator_no_text vc_sep_color_grey  wpb_animate_when_almost_visible wpb_fadeIn fadeIn wpb_animate_when_almost_visible wpb_fadeIn fadeIn\" ><span class=\"vc_sep_holder vc_sep_holder_l\"><span class=\"vc_sep_line\"><\/span><\/span><span class=\"vc_sep_holder vc_sep_holder_r\"><span class=\"vc_sep_line\"><\/span><\/span>\n<\/div><\/div><\/div><\/div><\/div>\n<\/div>","protected":false},"excerpt":{"rendered":"<p>GTT\u2019s mission statement, vision and values drive its commitment to help build a sustainable world. As a leading technology and engineering Group, we are industry pioneers willing to meet the challenges of the energy transition in the maritime and energy industries. Our experience gives us a clear vision of the future. At GTT, our identity&hellip;<\/p>","protected":false},"author":1,"featured_media":57292,"parent":0,"menu_order":0,"comment_status":"closed","ping_status":"closed","template":"","meta":{"footnotes":""},"class_list":["post-59149","page","type-page","status-publish","has-post-thumbnail","hentry","description-off"],"_links":{"self":[{"href":"http:\/\/stg-gtt.com\/fr\/wp-json\/wp\/v2\/pages\/59149","targetHints":{"allow":["GET"]}}],"collection":[{"href":"http:\/\/stg-gtt.com\/fr\/wp-json\/wp\/v2\/pages"}],"about":[{"href":"http:\/\/stg-gtt.com\/fr\/wp-json\/wp\/v2\/types\/page"}],"author":[{"embeddable":true,"href":"http:\/\/stg-gtt.com\/fr\/wp-json\/wp\/v2\/users\/1"}],"replies":[{"embeddable":true,"href":"http:\/\/stg-gtt.com\/fr\/wp-json\/wp\/v2\/comments?post=59149"}],"version-history":[{"count":36,"href":"http:\/\/stg-gtt.com\/fr\/wp-json\/wp\/v2\/pages\/59149\/revisions"}],"predecessor-version":[{"id":59155,"href":"http:\/\/stg-gtt.com\/fr\/wp-json\/wp\/v2\/pages\/59149\/revisions\/59155"}],"wp:featuredmedia":[{"embeddable":true,"href":"http:\/\/stg-gtt.com\/fr\/wp-json\/wp\/v2\/media\/57292"}],"wp:attachment":[{"href":"http:\/\/stg-gtt.com\/fr\/wp-json\/wp\/v2\/media?parent=59149"}],"curies":[{"name":"wp","href":"https:\/\/api.w.org\/{rel}","templated":true}]}}