{"id":57939,"date":"2024-02-12T13:34:29","date_gmt":"2024-02-12T12:34:29","guid":{"rendered":"https:\/\/stg-gtt.com\/?page_id=57939"},"modified":"2024-03-27T15:08:30","modified_gmt":"2024-03-27T14:08:30","slug":"finance","status":"publish","type":"page","link":"http:\/\/stg-gtt.com\/fr\/finance\/","title":{"rendered":"Finance"},"content":{"rendered":"<div class=\"wpb-content-wrapper\"><div class=\"vc_row wpb_row vc_row-fluid vc_custom_1707928545144\"><div class=\"wpb_column vc_column_container vc_col-sm-12\"><div class=\"vc_column-inner\"><div class=\"wpb_wrapper\">\n\t<div class=\"wpb_raw_code wpb_content_element wpb_raw_html\" >\n\t\t<div class=\"wpb_wrapper\">\n\t\t\t<div id=\"mega-menu-wrap-max_mega_menu_1\" class=\"mega-menu-wrap\"><div class=\"mega-menu-toggle\"><div class=\"mega-toggle-blocks-left\"><\/div><div class=\"mega-toggle-blocks-center\"><\/div><div class=\"mega-toggle-blocks-right\"><div class='mega-toggle-block mega-menu-toggle-animated-block mega-toggle-block-0' id='mega-toggle-block-0'><button aria-label=\"Toggle Menu\" class=\"mega-toggle-animated mega-toggle-animated-slider\" type=\"button\" aria-expanded=\"false\">\n                  <span class=\"mega-toggle-animated-box\">\n                    <span class=\"mega-toggle-animated-inner\"><\/span>\n                  <\/span>\n                <\/button><\/div><\/div><\/div><ul id=\"mega-menu-max_mega_menu_1\" class=\"mega-menu max-mega-menu mega-menu-horizontal mega-no-js\" data-event=\"hover_intent\" data-effect=\"fade_up\" data-effect-speed=\"200\" data-effect-mobile=\"disabled\" data-effect-speed-mobile=\"0\" data-mobile-force-width=\"false\" data-second-click=\"go\" data-document-click=\"collapse\" data-vertical-behaviour=\"standard\" data-breakpoint=\"768\" data-unbind=\"true\" data-mobile-state=\"collapse_all\" data-hover-intent-timeout=\"300\" data-hover-intent-interval=\"100\"><li class='mega-menu-item mega-menu-item-type-post_type mega-menu-item-object-page mega-align-bottom-left mega-menu-flyout mega-menu-item-57982' id='mega-menu-item-57982'><a class=\"mega-menu-link\" href=\"http:\/\/stg-gtt.com\/fr\/accueil\/\" tabindex=\"0\">Accueil<\/a><\/li><li class='mega-menu-item mega-menu-item-type-post_type mega-menu-item-object-page mega-align-bottom-left mega-menu-flyout mega-menu-item-57981' id='mega-menu-item-57981'><a class=\"mega-menu-link\" href=\"http:\/\/stg-gtt.com\/fr\/chiffres-cles\/\" tabindex=\"0\">Chiffres cl\u00e9s<\/a><\/li><li class='mega-menu-item mega-menu-item-type-post_type mega-menu-item-object-page mega-menu-item-has-children mega-menu-megamenu mega-align-bottom-left mega-menu-grid mega-menu-item-57980' id='mega-menu-item-57980'><a class=\"mega-menu-link\" href=\"http:\/\/stg-gtt.com\/fr\/publications\/\" aria-haspopup=\"true\" aria-expanded=\"false\" tabindex=\"0\">Publications<span class=\"mega-indicator\"><\/span><\/a>\n<ul class=\"mega-sub-menu\">\n<li class='mega-menu-row' id='mega-menu-57980-0'>\n\t<ul class=\"mega-sub-menu\">\n<li class='mega-menu-column mega-menu-columns-4-of-12' id='mega-menu-57980-0-0'>\n\t\t<ul class=\"mega-sub-menu\">\n<li class='mega-menu-item mega-menu-item-type-post_type mega-menu-item-object-page mega-has-icon mega-icon-left mega-menu-item-58000' id='mega-menu-item-58000'><a class=\"dashicons-arrow-right mega-menu-link\" href=\"http:\/\/stg-gtt.com\/fr\/pack-investisseurs\/\">Pack investisseurs<\/a><\/li><li class='mega-menu-item mega-menu-item-type-post_type mega-menu-item-object-page mega-has-icon mega-icon-left mega-menu-item-57999' id='mega-menu-item-57999'><a class=\"dashicons-arrow-right mega-menu-link\" href=\"http:\/\/stg-gtt.com\/fr\/communiques-financiers\/\">Communiqu\u00e9s financiers<\/a><\/li><li class='mega-menu-item mega-menu-item-type-post_type mega-menu-item-object-page mega-has-icon mega-icon-left mega-menu-item-57998' id='mega-menu-item-57998'><a class=\"dashicons-arrow-right mega-menu-link\" href=\"http:\/\/stg-gtt.com\/fr\/presentations\/\">Pr\u00e9sentations<\/a><\/li>\t\t<\/ul>\n<\/li><li class='mega-menu-column mega-menu-columns-4-of-12' id='mega-menu-57980-0-1'>\n\t\t<ul class=\"mega-sub-menu\">\n<li class='mega-menu-item mega-menu-item-type-post_type mega-menu-item-object-page mega-has-icon mega-icon-left mega-menu-item-57997' id='mega-menu-item-57997'><a class=\"dashicons-arrow-right mega-menu-link\" href=\"http:\/\/stg-gtt.com\/fr\/rapports\/\">Rapports<\/a><\/li><li class='mega-menu-item mega-menu-item-type-post_type mega-menu-item-object-page mega-has-icon mega-icon-left mega-menu-item-57996' id='mega-menu-item-57996'><a class=\"dashicons-arrow-right mega-menu-link\" href=\"http:\/\/stg-gtt.com\/fr\/webcasts\/\">Webcasts<\/a><\/li><li class='mega-menu-item mega-menu-item-type-post_type mega-menu-item-object-page mega-has-icon mega-icon-left mega-menu-item-57995' id='mega-menu-item-57995'><a class=\"dashicons-arrow-right mega-menu-link\" href=\"http:\/\/stg-gtt.com\/fr\/calendrier-financier\/\">Calendrier financier<\/a><\/li>\t\t<\/ul>\n<\/li><li class='mega-menu-column mega-menu-columns-4-of-12' id='mega-menu-57980-0-2'>\n\t\t<ul class=\"mega-sub-menu\">\n<li class='mega-menu-item mega-menu-item-type-widget widget_media_image mega-menu-item-media_image-2' id='mega-menu-item-media_image-2'><h4 class=\"mega-block-title\">GTT URD 2022<\/h4><a href=\"#\"><img loading=\"lazy\" decoding=\"async\" width=\"300\" height=\"188\" src=\"http:\/\/stg-gtt.com\/wp-content\/uploads\/2024\/01\/7-bg-mount-011-300x188.jpg\" class=\"image wp-image-57273  attachment-medium size-medium\" alt=\"\" style=\"max-width: 100%; height: auto;\" srcset=\"http:\/\/stg-gtt.com\/wp-content\/uploads\/2024\/01\/7-bg-mount-011-300x188.jpg 300w, http:\/\/stg-gtt.com\/wp-content\/uploads\/2024\/01\/7-bg-mount-011-900x563.jpg 900w, http:\/\/stg-gtt.com\/wp-content\/uploads\/2024\/01\/7-bg-mount-011-1024x640.jpg 1024w, http:\/\/stg-gtt.com\/wp-content\/uploads\/2024\/01\/7-bg-mount-011-768x480.jpg 768w, http:\/\/stg-gtt.com\/wp-content\/uploads\/2024\/01\/7-bg-mount-011-1536x960.jpg 1536w, http:\/\/stg-gtt.com\/wp-content\/uploads\/2024\/01\/7-bg-mount-011.jpg 1600w\" sizes=\"auto, (max-width: 300px) 100vw, 300px\" \/><\/a><\/li>\t\t<\/ul>\n<\/li>\t<\/ul>\n<\/li><\/ul>\n<\/li><li class='mega-menu-item mega-menu-item-type-post_type mega-menu-item-object-page mega-align-bottom-left mega-menu-flyout mega-menu-item-57979' id='mega-menu-item-57979'><a class=\"mega-menu-link\" href=\"http:\/\/stg-gtt.com\/fr\/informations-reglementees\/\" tabindex=\"0\">Informations r\u00e9glement\u00e9es<\/a><\/li><li class='mega-menu-item mega-menu-item-type-post_type mega-menu-item-object-page mega-align-bottom-left mega-menu-flyout mega-menu-item-57978' id='mega-menu-item-57978'><a class=\"mega-menu-link\" href=\"http:\/\/stg-gtt.com\/fr\/actionnaires-investisseurs\/\" tabindex=\"0\">Actionnaires &amp; Investisseurs<\/a><\/li><li class='mega-menu-item mega-menu-item-type-post_type mega-menu-item-object-page mega-align-bottom-left mega-menu-flyout mega-menu-item-57977' id='mega-menu-item-57977'><a class=\"mega-menu-link\" href=\"http:\/\/stg-gtt.com\/fr\/assemblees-generales\/\" tabindex=\"0\">Assembl\u00e9es G\u00e9n\u00e9rales<\/a><\/li><li class='mega-menu-item mega-menu-item-type-post_type mega-menu-item-object-page mega-align-bottom-left mega-menu-flyout mega-menu-item-57976' id='mega-menu-item-57976'><a class=\"mega-menu-link\" href=\"http:\/\/stg-gtt.com\/fr\/contacts\/\" tabindex=\"0\">Contacts<\/a><\/li><\/ul><\/div>\n\t\t<\/div>\n\t<\/div>\n<div class=\"vc_empty_space\"   style=\"height: 32px\"><span class=\"vc_empty_space_inner\"><\/span><\/div><\/div><\/div><\/div><\/div><div class=\"vc_row wpb_row vc_row-fluid\"><div class=\"wpb_column vc_column_container vc_col-sm-8\"><div class=\"vc_column-inner vc_custom_1707903220406\"><div class=\"wpb_wrapper\"><div class=\"dt-fancy-separator h3-size accent-title-color\" style=\"width: 100%;\"><div class=\"dt-fancy-title\"><span class=\"separator-holder separator-left\"><\/span>Latest News<span class=\"separator-holder separator-right\"><\/span><\/div><\/div><div class=\"vc_empty_space\"   style=\"height: 20px\"><span class=\"vc_empty_space_inner\"><\/span><\/div><section class=\"items-grid wf-container\"><div class=\"wf-cell wf-1\"><article class=\"post-format-standard\"><div class=\"post-content\"><a href=\"http:\/\/stg-gtt.com\/fr\/news\/posidonia-exhibition\/\">Posidonia exhibition<\/a><br \/><time class=\"text-secondary\" datetime=\"2024-05-30T14:37:11+02:00\">30 mai 2024<\/time><\/div><\/article><\/div><div class=\"wf-cell wf-1\"><article class=\"post-format-standard\"><div class=\"post-content\"><a href=\"http:\/\/stg-gtt.com\/fr\/news\/gtt-receives-an-order-from-hd-hyundai-heavy-industries-for-the-tank-design-of-three-new-very-large-ethane-carriers\/\">GTT receives an order from HD Hyundai Heavy Industries for the tank design of three new Very Large Ethane Carriers<\/a><br \/><time class=\"text-secondary\" datetime=\"2024-01-22T09:35:45+01:00\">22 janvier 2024<\/time><\/div><\/article><\/div><div class=\"wf-cell wf-1\"><article class=\"post-format-standard\"><div class=\"post-content\"><a href=\"http:\/\/stg-gtt.com\/fr\/news\/gtt-receives-two-orders-for-the-tank-design-of-two-new-lng-carriers\/\">GTT receives two orders for the tank design of two new LNG carriers<\/a><br \/><time class=\"text-secondary\" datetime=\"2024-01-09T10:55:37+01:00\">9 janvier 2024<\/time><\/div><\/article><\/div><div class=\"wf-cell wf-1\"><article class=\"post-format-standard\"><div class=\"post-content\"><a href=\"http:\/\/stg-gtt.com\/fr\/news\/gtt-enters-into-strategic-cooperation-agreement-with-the-major-chinese-ship-building-group-cssc\/\">GTT enters into strategic cooperation agreement with the major Chinese ship-building group CSSC<\/a><br \/><time class=\"text-secondary\" datetime=\"2023-12-07T11:07:07+01:00\">7 d\u00e9cembre 2023<\/time><\/div><\/article><\/div><div class=\"wf-cell wf-1\"><article class=\"post-format-standard\"><div class=\"post-content\"><a href=\"http:\/\/stg-gtt.com\/fr\/news\/gtt-receives-an-order-from-hd-hyundai-heavy-industries-for-the-tank-design-of-two-new-very-large-ethane-carriers-on-behalf-of-the-ship-owner-purus\/\">GTT receives an order from HD Hyundai Heavy Industries for the tank design of two new Very Large Ethane Carriers on behalf of the ship-owner Purus<\/a><br \/><time class=\"text-secondary\" datetime=\"2023-12-06T11:48:01+01:00\">6 d\u00e9cembre 2023<\/time><\/div><\/article><\/div><div class=\"wf-cell wf-1\"><article class=\"post-format-standard\"><div class=\"post-content\"><a href=\"http:\/\/stg-gtt.com\/fr\/news\/gtt-and-cosco-shipping-qidong-offshore-sign-a-technical-assistance-and-license-agreement-for-the-construction-of-gtt-membrane-containment-systems\/\">GTT and COSCO shipping (Qidong) Offshore sign a Technical Assistance and License Agreement for the construction of GTT Membrane Containment Systems<\/a><br \/><time class=\"text-secondary\" datetime=\"2023-11-30T11:55:23+01:00\">30 novembre 2023<\/time><\/div><\/article><\/div><\/section><\/div><\/div><\/div><div class=\"wpb_column vc_column_container vc_col-sm-4\"><div class=\"vc_column-inner vc_custom_1707903715231\"><div class=\"wpb_wrapper\"><div class=\"smile-icon-timeline-wrap csstime\"  data-time_sep_bg_color=\"#00aeef\"   style=\"\"><div class=\"timeline-line\" style=\"border-right-color:#d1d1d1;\"><span><\/span><\/div><div class=\"timeline-wrapper\"><div class=\"timeline-block\"><div class=\"timeline-dot\"><\/div><div class=\"ult-timeline-arrow\"><s><\/s><l><\/l><\/div><div class=\"timeline-icon-block\"><div class=\"ult-timeline-icon tl-icon-no-bg\" style=\"   \"><\/div> <!-- icon --><\/div><div class=\"timeline-header-block\" >\n\t\t\t\t\t\t\t<div id=\"timeline-item-4123\" class=\"timeline-header\" style=\"\"><h3 class=\"ult-timeline-title ult-responsive\"  data-ultimate-target='#timeline-item-4123 .ult-timeline-title'  data-responsive-json-new='{\"font-size\":\"\",\"line-height\":\"\"}'  style=\"\">26 February 2024<\/h3><div class=\"ult-responsive timeline-item-spt\"  data-ultimate-target='#timeline-item-4123 .timeline-item-spt'  data-responsive-json-new='{\"font-size\":\"\",\"line-height\":\"\"}'  style=\"\">Publication of 2023 full-year results (after close of trading)<\/div><p>Read More<\/p><\/div> <!-- header --><\/div><\/div><div class=\"timeline-block\"><div class=\"timeline-dot\"><\/div><div class=\"ult-timeline-arrow\"><s><\/s><l><\/l><\/div><div class=\"timeline-icon-block\"><div class=\"ult-timeline-icon tl-icon-no-bg\" style=\"   \"><\/div> <!-- icon --><\/div><div class=\"timeline-header-block\" >\n\t\t\t\t\t\t\t<div id=\"timeline-item-4930\" class=\"timeline-header\" style=\"\"><h3 class=\"ult-timeline-title ult-responsive\"  data-ultimate-target='#timeline-item-4930 .ult-timeline-title'  data-responsive-json-new='{\"font-size\":\"\",\"line-height\":\"\"}'  style=\"\">19 April 2024<\/h3><div class=\"ult-responsive timeline-item-spt\"  data-ultimate-target='#timeline-item-4930 .timeline-item-spt'  data-responsive-json-new='{\"font-size\":\"\",\"line-height\":\"\"}'  style=\"\">2024 first-quarter activity update (after close of trading)<\/div><\/div> <!-- header --><\/div><\/div><div class=\"timeline-block\"><div class=\"timeline-dot\"><\/div><div class=\"ult-timeline-arrow\"><s><\/s><l><\/l><\/div><div class=\"timeline-icon-block\"><div class=\"ult-timeline-icon tl-icon-no-bg\" style=\"   \"><\/div> <!-- icon --><\/div><div class=\"timeline-header-block\" >\n\t\t\t\t\t\t\t<div id=\"timeline-item-7975\" class=\"timeline-header\" style=\"\"><h3 class=\"ult-timeline-title ult-responsive\"  data-ultimate-target='#timeline-item-7975 .ult-timeline-title'  data-responsive-json-new='{\"font-size\":\"\",\"line-height\":\"\"}'  style=\"\">12 June 2024<\/h3><div class=\"ult-responsive timeline-item-spt\"  data-ultimate-target='#timeline-item-7975 .timeline-item-spt'  data-responsive-json-new='{\"font-size\":\"\",\"line-height\":\"\"}'  style=\"\">Shareholders\u2019 Meeting<\/div><\/div> <!-- header --><\/div><\/div><\/div><\/div><\/div><\/div><\/div><\/div>\n<\/div>","protected":false},"excerpt":{"rendered":"<p>AccueilChiffres cl\u00e9sPublications Pack investisseursCommuniqu\u00e9s financiersPr\u00e9sentations RapportsWebcastsCalendrier financier GTT URD 2022 Informations r\u00e9glement\u00e9esActionnaires &amp; InvestisseursAssembl\u00e9es G\u00e9n\u00e9ralesContacts Latest News 26 February 2024Publication of 2023 full-year results (after close of trading)Read More 19 April 20242024 first-quarter activity update (after close of trading) 12 June 2024Shareholders\u2019 Meeting<\/p>","protected":false},"author":1,"featured_media":0,"parent":0,"menu_order":0,"comment_status":"closed","ping_status":"closed","template":"","meta":{"footnotes":""},"class_list":["post-57939","page","type-page","status-publish","hentry","description-off"],"_links":{"self":[{"href":"http:\/\/stg-gtt.com\/fr\/wp-json\/wp\/v2\/pages\/57939","targetHints":{"allow":["GET"]}}],"collection":[{"href":"http:\/\/stg-gtt.com\/fr\/wp-json\/wp\/v2\/pages"}],"about":[{"href":"http:\/\/stg-gtt.com\/fr\/wp-json\/wp\/v2\/types\/page"}],"author":[{"embeddable":true,"href":"http:\/\/stg-gtt.com\/fr\/wp-json\/wp\/v2\/users\/1"}],"replies":[{"embeddable":true,"href":"http:\/\/stg-gtt.com\/fr\/wp-json\/wp\/v2\/comments?post=57939"}],"version-history":[{"count":51,"href":"http:\/\/stg-gtt.com\/fr\/wp-json\/wp\/v2\/pages\/57939\/revisions"}],"predecessor-version":[{"id":58825,"href":"http:\/\/stg-gtt.com\/fr\/wp-json\/wp\/v2\/pages\/57939\/revisions\/58825"}],"wp:attachment":[{"href":"http:\/\/stg-gtt.com\/fr\/wp-json\/wp\/v2\/media?parent=57939"}],"curies":[{"name":"wp","href":"https:\/\/api.w.org\/{rel}","templated":true}]}}