{"id":57764,"date":"2024-02-12T09:53:26","date_gmt":"2024-02-12T08:53:26","guid":{"rendered":"https:\/\/stg-gtt.com\/?page_id=57764"},"modified":"2024-05-28T17:01:12","modified_gmt":"2024-05-28T15:01:12","slug":"board-directors-specialized-committees","status":"publish","type":"page","link":"http:\/\/stg-gtt.com\/fr\/board-directors-specialized-committees\/","title":{"rendered":"Conseil d'administration &amp; Comit\u00e9s sp\u00e9cialis\u00e9s"},"content":{"rendered":"<div class=\"wpb-content-wrapper\"><div class=\"vc_row wpb_row vc_row-fluid\"><div class=\"wpb_column vc_column_container vc_col-sm-12\"><div class=\"vc_column-inner\"><div class=\"wpb_wrapper\"><div class=\"vc_empty_space\"   style=\"height: 32px\"><span class=\"vc_empty_space_inner\"><\/span><\/div><div class=\"dt-fancy-separator title-left h3-size\" style=\"width: 100%;\"><div class=\"dt-fancy-title\" style=\"color: #003869;\"><span class=\"separator-holder separator-left\" style=\"border-color: rgba(128,128,128,0.2);\"><\/span>CONSEIL D'ADMINISTRATION<span class=\"separator-holder separator-right\" style=\"border-color: rgba(128,128,128,0.2);\"><\/span><\/div><\/div><div class=\"vc_empty_space\"   style=\"height: 32px\"><span class=\"vc_empty_space_inner\"><\/span><\/div>\n\t<div class=\"wpb_text_column wpb_content_element  wpb_animate_when_almost_visible wpb_fadeIn fadeIn\" >\n\t\t<div class=\"wpb_wrapper\">\n\t\t\t<p><strong>Le conseil d'administration de GTT est compos\u00e9 de repr\u00e9sentants d'organisations et d'industries de renomm\u00e9e mondiale, apportant un large \u00e9ventail de connaissances, de perspectives et d'exp\u00e9riences pour guider et g\u00e9n\u00e9rer une valeur \u00e0 long terme pour l'entreprise.<\/strong><\/p>\n\n\t\t<\/div>\n\t<\/div>\n<div class=\"vc_empty_space\"   style=\"height: 50px\"><span class=\"vc_empty_space_inner\"><\/span><\/div><\/div><\/div><\/div><\/div><div class=\"vc_row wpb_row vc_row-fluid\"><div class=\"wpb_column vc_column_container vc_col-sm-12\"><div class=\"vc_column-inner\"><div class=\"wpb_wrapper\"><div class=\"vc_tta-container\" data-vc-action=\"collapseAll\"><div class=\"vc_general vc_tta vc_tta-accordion vc_tta-color-grey vc_tta-style-flat vc_tta-shape-rounded vc_tta-spacing-15 vc_tta-gap-10 vc_tta-controls-align-left vc_tta-o-no-fill vc_tta-o-all-clickable\"><div class=\"vc_tta-panels-container\"><div class=\"vc_tta-panels\"><div class=\"vc_tta-panel\" id=\"1710858431950-f97d2ca2-c52c\" data-vc-content=\".vc_tta-panel-body\"><div class=\"vc_tta-panel-heading\"><h5 class=\"vc_tta-panel-title vc_tta-controls-icon-position-left\"><a href=\"#1710858431950-f97d2ca2-c52c\" data-vc-accordion data-vc-container=\".vc_tta-container\"><span class=\"vc_tta-title-text\">Philippe BERTEROTTIERE, Pr\u00e9sident de GTT<\/span><i class=\"vc_tta-controls-icon vc_tta-controls-icon-chevron\"><\/i><\/a><\/h5><\/div><div class=\"vc_tta-panel-body\">\n\t<div class=\"wpb_text_column wpb_content_element\" >\n\t\t<div class=\"wpb_wrapper\">\n\t\t\t<p>M. Philippe Berterotti\u00e8re a rejoint GTT en 2009 et b\u00e9n\u00e9ficie de plus de 35 ann\u00e9es d\u2019exp\u00e9rience dans les secteurs de haute technologie. Il a occup\u00e9 diff\u00e9rents postes de direction au sein d\u2019entreprises pr\u00e9sentes dans l'a\u00e9ronautique et l'a\u00e9rospatiale : chez Airbus en tant que n\u00e9gociateur de contrats puis directeur du d\u00e9veloppement des affaires, chez Matra en tant que directeur des ventes au sein de la division d\u00e9fense, chez Arianespace o\u00f9 il a occup\u00e9 diff\u00e9rentes fonctions commerciales avant de devenir directeur commercial et membre du comit\u00e9 ex\u00e9cutif. Il est dipl\u00f4m\u00e9 d\u2019HEC (Hautes Etudes Commerciales) et de l\u2019IEP (Institut d\u2019\u00e9tudes politiques).<\/p>\n<div>\n<p>&nbsp;<\/p>\n<\/div>\n\n\t\t<\/div>\n\t<\/div>\n<\/div><\/div><div class=\"vc_tta-panel\" id=\"1710858431965-2d463f03-9487\" data-vc-content=\".vc_tta-panel-body\"><div class=\"vc_tta-panel-heading\"><h5 class=\"vc_tta-panel-title vc_tta-controls-icon-position-left\"><a href=\"#1710858431965-2d463f03-9487\" data-vc-accordion data-vc-container=\".vc_tta-container\"><span class=\"vc_tta-title-text\">Carole FOISSAUD<\/span><i class=\"vc_tta-controls-icon vc_tta-controls-icon-chevron\"><\/i><\/a><\/h5><\/div><div class=\"vc_tta-panel-body\">\n\t<div class=\"wpb_text_column wpb_content_element\" >\n\t\t<div class=\"wpb_wrapper\">\n\t\t\t<p>Mme Carole Foissaud a r\u00e9alis\u00e9 une grande partie de sa carri\u00e8re dans le groupe Areva (aujourd\u2019hui Orano et Framatome), o\u00f9 elle a occup\u00e9 plusieurs postes de dirigeante, dont celui de Pr\u00e9sidente Directrice G\u00e9n\u00e9rale de TechnicAtome (de 2014 \u00e0 2017), Directrice S\u00fbret\u00e9, S\u00e9curit\u00e9 et Soutien aux Op\u00e9rations (de 2012 \u00e0 2014), Directrice BU Assainissement et Pr\u00e9sidente Directrice G\u00e9n\u00e9rale de STMI et de ses filiales. En 2017, Mme Foissaud a rejoint le groupe Bouygues en qualit\u00e9 de Directrice G\u00e9n\u00e9rale de la Division Energie &amp; Industrie, de Bouygues Energies et Services (2017-2021), puis  Directrice G\u00e9n\u00e9rale Sp\u00e9cialit\u00e9s du groupe EQUANS (2021-2023). Mme Carolle Foissaud est dipl\u00f4m\u00e9e de l'Ecole Polytechnique et de L\u2019Ecole Nationale Sup\u00e9rieure des T\u00e9l\u00e9communications.<\/p>\n\n\t\t<\/div>\n\t<\/div>\n<\/div><\/div><div class=\"vc_tta-panel\" id=\"1710858601111-d78abb94-58d7\" data-vc-content=\".vc_tta-panel-body\"><div class=\"vc_tta-panel-heading\"><h5 class=\"vc_tta-panel-title vc_tta-controls-icon-position-left\"><a href=\"#1710858601111-d78abb94-58d7\" data-vc-accordion data-vc-container=\".vc_tta-container\"><span class=\"vc_tta-title-text\">Antoine ROSTAND<\/span><i class=\"vc_tta-controls-icon vc_tta-controls-icon-chevron\"><\/i><\/a><\/h5><\/div><div class=\"vc_tta-panel-body\">\n\t<div class=\"wpb_text_column wpb_content_element\" >\n\t\t<div class=\"wpb_wrapper\">\n\t\t\t<p>M. Antoine Rostand est actuellement pr\u00e9sident directeur g\u00e9n\u00e9ral de KAYRROS, soci\u00e9t\u00e9 qu\u2019il a fond\u00e9e en 2016, sp\u00e9cialis\u00e9e dans la g\u00e9oanalyse \u00e9nerg\u00e9tique et environnementale, fournissant une aide \u00e0 la d\u00e9cision aux gouvernements, entreprises et march\u00e9s d\u2019investissement. Auparavant, M. Rostand a pass\u00e9 une grande partie de sa carri\u00e8re au sein du groupe Schlumberger, o\u00f9 il a occup\u00e9 divers postes de direction, dont celui de directeur g\u00e9n\u00e9ral mondial de SBC, Schlumberger Business Consulting qu\u2019il a fond\u00e9 en 2004. Avant SBC, il \u00e9tait directeur du conseil et de l'int\u00e9gration des syst\u00e8mes de Schlumberger Sema, et Pr\u00e9sident de Electronic Data System (EDS) France. Il a travaill\u00e9 avec plusieurs des plus grandes compagnies p\u00e9troli\u00e8res du monde, les conseillant dans diff\u00e9rents domaines strat\u00e9giques. M. Antoine Rostand est dipl\u00f4m\u00e9 de l'Ecole Polytechnique. Il est \u00e9galement titulaire d'un Master of Business Administration de l'INSEAD et a servi comme officier dans la Marine Nationale fran\u00e7aise.<\/p>\n\n\t\t<\/div>\n\t<\/div>\n<\/div><\/div><div class=\"vc_tta-panel\" id=\"1710858633708-143a8bea-1ec9\" data-vc-content=\".vc_tta-panel-body\"><div class=\"vc_tta-panel-heading\"><h5 class=\"vc_tta-panel-title vc_tta-controls-icon-position-left\"><a href=\"#1710858633708-143a8bea-1ec9\" data-vc-accordion data-vc-container=\".vc_tta-container\"><span class=\"vc_tta-title-text\">Pierre GUIOLLOT<\/span><i class=\"vc_tta-controls-icon vc_tta-controls-icon-chevron\"><\/i><\/a><\/h5><\/div><div class=\"vc_tta-panel-body\">\n\t<div class=\"wpb_text_column wpb_content_element\" >\n\t\t<div class=\"wpb_wrapper\">\n\t\t\t<p>M. Pierre Guiollot est dipl\u00f4m\u00e9 de Sciences Po Paris, section service public. Il a d\u00e9but\u00e9 sa carri\u00e8re en tant que manager d\u2019audit externe chez KPMG entre 1992 et 1997. En 1997, il entre dans le groupe Suez o\u00f9 il occupe diverses fonctions : responsable adjoint de la consolidation du groupe Suez entre 1997 et 2004, responsable du d\u00e9partement comptabilit\u00e9 pour Suez et Tractebel entre 2004 et 2006, Vice President comptabilit\u00e9 et consolidation pour GDF Suez entre 2006 et 2013, Directeur financier de GDF Suez International entre 2013 et 2015, puis Directeur financier adjoint du groupe ENGIE depuis 2015.<\/p>\n\n\t\t<\/div>\n\t<\/div>\n<\/div><\/div><div class=\"vc_tta-panel\" id=\"1710858665859-5b40901f-3a1e\" data-vc-content=\".vc_tta-panel-body\"><div class=\"vc_tta-panel-heading\"><h5 class=\"vc_tta-panel-title vc_tta-controls-icon-position-left\"><a href=\"#1710858665859-5b40901f-3a1e\" data-vc-accordion data-vc-container=\".vc_tta-container\"><span class=\"vc_tta-title-text\">Pascal MACIOCE<\/span><i class=\"vc_tta-controls-icon vc_tta-controls-icon-chevron\"><\/i><\/a><\/h5><\/div><div class=\"vc_tta-panel-body\">\n\t<div class=\"wpb_text_column wpb_content_element\" >\n\t\t<div class=\"wpb_wrapper\">\n\t\t\t<p>M. Pascal Macioce est actuellement senior partner de la soci\u00e9t\u00e9 de capital developpement NextStage AM, qu\u2019il a rejoint en 2018, en charge du d\u00e9veloppement du groupe en France et \u00e0 l\u2019\u00e9tranger. Auparavant, il a d\u00e9but\u00e9 sa carri\u00e8re en 1979 dans le Cabinet Arthur Andersen o\u00f9 il a occup\u00e9 diff\u00e9rentes fonctions de management. Il a  rejoint Ernst &amp; Young en 2002, o\u00f9 il a \u00e9tendu ses responsabilit\u00e9 de la France \u00e0 l\u2019Europe puis \u00e0 la r\u00e9gion EMEA, dont il est devenu directeur g\u00e9n\u00e9ral en 2014,  en charge des diff\u00e9rentes lignes de service (audit, conseil juridique et fiscal et transactions). M. Pascal MACIOCE est dipl\u00f4m\u00e9 de l\u2019ESCP.<\/p>\n\n\t\t<\/div>\n\t<\/div>\n<\/div><\/div><div class=\"vc_tta-panel\" id=\"1710858691028-d8c3464c-b630\" data-vc-content=\".vc_tta-panel-body\"><div class=\"vc_tta-panel-heading\"><h5 class=\"vc_tta-panel-title vc_tta-controls-icon-position-left\"><a href=\"#1710858691028-d8c3464c-b630\" data-vc-accordion data-vc-container=\".vc_tta-container\"><span class=\"vc_tta-title-text\">Catherine RONGE<\/span><i class=\"vc_tta-controls-icon vc_tta-controls-icon-chevron\"><\/i><\/a><\/h5><\/div><div class=\"vc_tta-panel-body\">\n\t<div class=\"wpb_text_column wpb_content_element\" >\n\t\t<div class=\"wpb_wrapper\">\n\t\t\t<p>Ancienne \u00e9l\u00e8ve de l\u2019Ecole Normale Sup\u00e9rieure et Docteur en physique quantique, \u00e9galement dipl\u00f4m\u00e9e d\u2019un programme ex\u00e9cutif court \u00e0 l\u2019Institut Europ\u00e9en d\u2019Administration des Affaires (INSEAD), Mme Catherine Ronge a d\u00e9but\u00e9 sa carri\u00e8re en 1984 en qualit\u00e9 d\u2019Ing\u00e9nieur de recherche au CEA, puis a occup\u00e9 diverses fonctions au sein du groupe AIR LIQUIDE (1988-1999) dans le domaine du marketing, des ventes, de la strat\u00e9gie \/ M&amp;A et de la R&amp;D du groupe en tant que Vice-Pr\u00e9sidente.<br \/>\nAu sein du groupe SUEZ (1999-2006), elle a \u00e9t\u00e9 Directrice G\u00e9n\u00e9rale adjointe de Degr\u00e9mont en charge des activit\u00e9s industrielles mondiales et de la filiale Am\u00e9rique du Nord puis Pr\u00e9sidente-Directrice G\u00e9n\u00e9rale de ONDEO INDUSTRIAL SOLUTIONS, soci\u00e9t\u00e9 regroupant l\u2019ensemble des activit\u00e9s d\u2019ing\u00e9nierie, de construction, de fabrication d\u2019\u00e9quipements et d\u2019exploitation de l\u2019eau industrielle du groupe SUEZ dans le monde.<br \/>\nElle a \u00e9t\u00e9 Pr\u00e9sidente fondatrice du cabinet de conseil en strat\u00e9gie, innovation et d\u00e9veloppement durable WEAVE AIR (2006-2020).<br \/>\nCatherine Ronge est aujourd\u2019hui Pr\u00e9sidente-Directrice G\u00e9n\u00e9rale du groupe LE GARREC &amp; CIE, une entreprise familiale de Taille Interm\u00e9diaire aux activit\u00e9s diversifi\u00e9es.<br \/>\nElle est \u00e9galement Administratrice de COLAS (depuis 2014), PAPREC GROUP (depuis 2014) et ERAMET (depuis 2016).<\/p>\n\n\t\t<\/div>\n\t<\/div>\n<\/div><\/div><div class=\"vc_tta-panel\" id=\"1710858727194-55014188-c298\" data-vc-content=\".vc_tta-panel-body\"><div class=\"vc_tta-panel-heading\"><h5 class=\"vc_tta-panel-title vc_tta-controls-icon-position-left\"><a href=\"#1710858727194-55014188-c298\" data-vc-accordion data-vc-container=\".vc_tta-container\"><span class=\"vc_tta-title-text\">Fr\u00e9d\u00e9rique KALB<\/span><i class=\"vc_tta-controls-icon vc_tta-controls-icon-chevron\"><\/i><\/a><\/h5><\/div><div class=\"vc_tta-panel-body\">\n\t<div class=\"wpb_text_column wpb_content_element\" >\n\t\t<div class=\"wpb_wrapper\">\n\t\t\t<p>Mme Fr\u00e9d\u00e9rique Kalb, de nationalit\u00e9 fran\u00e7aise et allemande, a plus de 20 ans d'exp\u00e9rience internationale dans le management strat\u00e9gique de la R&amp;D, des op\u00e9rations et des affaires, dans une grande vari\u00e9t\u00e9 de secteurs industriels (notamment groupe Schlumberger, Aptiv, Nexans. Depuis 2020, Mme Kalb a rejoint le groupe Alstom en tant que directrice g\u00e9n\u00e9rale du site Rolling Stock de Saint-Ouen, o\u00f9 elle dirige la mise en \u0153uvre d'appels d'offres et de projets internationaux majeurs dans le secteur ferroviaire. Mme Kalb est dipl\u00f4m\u00e9e de l\u2019ESPCI Paris, elle est \u00e9galement titulaire d'un Master de Physiques des Solides, d'un doctorat de Physique du Coll\u00e8ge de France et d'un dipl\u00f4me de Finance Executive de l'IMD Lausanne.<\/p>\n\n\t\t<\/div>\n\t<\/div>\n<\/div><\/div><div class=\"vc_tta-panel\" id=\"1710858730035-7b4a2908-bf18\" data-vc-content=\".vc_tta-panel-body\"><div class=\"vc_tta-panel-heading\"><h5 class=\"vc_tta-panel-title vc_tta-controls-icon-position-left\"><a href=\"#1710858730035-7b4a2908-bf18\" data-vc-accordion data-vc-container=\".vc_tta-container\"><span class=\"vc_tta-title-text\">Luc GILLET<\/span><i class=\"vc_tta-controls-icon vc_tta-controls-icon-chevron\"><\/i><\/a><\/h5><\/div><div class=\"vc_tta-panel-body\">\n\t<div class=\"wpb_text_column wpb_content_element\" >\n\t\t<div class=\"wpb_wrapper\">\n\t\t\t<p>M. Gillet a une exp\u00e9rience de plus de 30 ans dans l'industrie du transport maritime. Il a commenc\u00e9 sa carri\u00e8re en 1982 dans les travaux offshore au sein d\u2019ETPM et a rejoint Bureau Veritas, la soci\u00e9t\u00e9 de classification fran\u00e7aise, en 1983 o\u00f9 il a occup\u00e9 divers postes de direction. Il  a rejoint TotalEnergies en 2003 en tant que directeur adjoint aux transports maritimes, puis a \u00e9t\u00e9 nomm\u00e9 directeur des transports maritimes et pr\u00e9sident de la soci\u00e9t\u00e9 d'affr\u00e8tement CSSA en 2008, poste qu'il occupera jusqu'en 2022. M. Gillet est ing\u00e9nieur dipl\u00f4m\u00e9 de l'Ecole Nationale Sup\u00e9rieure de Techniques avanc\u00e9es (1980) et titulaire d'un Executive MBA d'HEC.<\/p>\n\n\t\t<\/div>\n\t<\/div>\n<\/div><\/div><div class=\"vc_tta-panel\" id=\"1710858827476-84cde2d5-b9fb\" data-vc-content=\".vc_tta-panel-body\"><div class=\"vc_tta-panel-heading\"><h5 class=\"vc_tta-panel-title vc_tta-controls-icon-position-left\"><a href=\"#1710858827476-84cde2d5-b9fb\" data-vc-accordion data-vc-container=\".vc_tta-container\"><span class=\"vc_tta-title-text\">Domitille DOAT-LE BIGOT<\/span><i class=\"vc_tta-controls-icon vc_tta-controls-icon-chevron\"><\/i><\/a><\/h5><\/div><div class=\"vc_tta-panel-body\">\n\t<div class=\"wpb_text_column wpb_content_element\" >\n\t\t<div class=\"wpb_wrapper\">\n\t\t\t<p>Mme Domitille Doat-Lebigot a occup\u00e9 plusieurs postes de direction dans le domaine du digital au sein des soci\u00e9t\u00e9s Danone (de 2016 \u00e0 2022), Fred &amp; Farid  (de 2014 \u00e0 2016), Cisco (de 2012 \u00e0 2014), Ubisoft (1998 \u00e0 2012) et Accenture (de 1996 \u00e0 1996). Mme Doat a une excellente connaissance de l\u2019Asie et plus particuli\u00e8rement de la Chine (o\u00f9 elle a \u00e9t\u00e9 expatri\u00e9e durant 6 ans), de l\u2019Inde, de l\u2019Asie du Sud Est et du Japon.\nMme Doat est actuellement Chief Digital DATA and TECH Officer d\u2019EURAZEO.\nMme Doat est dipl\u00f4m\u00e9e de l\u2019ESSEC.<\/p>\n\n\t\t<\/div>\n\t<\/div>\n<\/div><\/div><\/div><\/div><\/div><\/div><\/div><\/div><\/div><\/div><div class=\"vc_row wpb_row vc_row-fluid\"><div class=\"wpb_column vc_column_container vc_col-sm-12\"><div class=\"vc_column-inner\"><div class=\"wpb_wrapper\"><div class=\"vc_empty_space\"   style=\"height: 32px\"><span class=\"vc_empty_space_inner\"><\/span><\/div><div class=\"dt-fancy-separator title-left h3-size\" style=\"width: 100%;\"><div class=\"dt-fancy-title\" style=\"color: #003869;\"><span class=\"separator-holder separator-left\" style=\"border-color: rgba(128,128,128,0.2);\"><\/span>COMIT\u00c9S SP\u00c9CIALIS\u00c9S<span class=\"separator-holder separator-right\" style=\"border-color: rgba(128,128,128,0.2);\"><\/span><\/div><\/div><div class=\"vc_empty_space\"   style=\"height: 32px\"><span class=\"vc_empty_space_inner\"><\/span><\/div><\/div><\/div><\/div><\/div><div class=\"vc_row wpb_row vc_row-fluid\"><div class=\"wpb_column vc_column_container vc_col-sm-12\"><div class=\"vc_column-inner\"><div class=\"wpb_wrapper\">\n\t<div class=\"wpb_text_column wpb_content_element\" >\n\t\t<div class=\"wpb_wrapper\">\n\t\t\t<p><strong>Les comit\u00e9s sp\u00e9cialis\u00e9s ont pour mission de pr\u00e9parer les d\u00e9cisions du Conseil d\u2019administration, de lui faire des recommandations et d\u2019\u00e9mettre des avis sur les sujets relevant de leur comp\u00e9tence sp\u00e9cifique.\u00a0<\/strong><\/p>\n<p>&nbsp;<\/p>\n<p><span style=\"color: #003869; font-size: 12pt;\"><strong>COMITE D'AUDIT ET DE GESTION DES RISQUES<\/strong><\/span><\/p>\n<p>Les membres du comit\u00e9 d\u2019audit et des risques n\u2019exercent pas de fonctions de direction dans la soci\u00e9t\u00e9 et pr\u00e9sentent des comp\u00e9tences particuli\u00e8res en mati\u00e8re financi\u00e8re ou comptable.<\/p>\n<p><strong>Pr\u00e9sident du comit\u00e9<\/strong>:\u00a0Pascal Macioce<br \/>\n<strong>Composition:<\/strong>\u00a0 Pascal Macioce, \u00a0Fr\u00e9d\u00e9rique Kalb et Domitille Doat-Le Bigot<\/p>\n<p>&nbsp;<\/p>\n<p><span style=\"color: #003869; font-size: 12pt;\"><strong>COMITE DES NOMINATIONS ET DES REMUNERATIONS<\/strong><\/span><\/p>\n<p>Ce comit\u00e9 a pour missions d\u2019assister le Conseil d\u2019administration dans le choix des membres du Conseil d\u2019administration, des comit\u00e9s du Conseil d\u2019administration et du Directeur g\u00e9n\u00e9ral, et de formuler des recommandations aupr\u00e8s du Conseil d'administration en mati\u00e8re de r\u00e9mun\u00e9rations.<\/p>\n<p><strong>Pr\u00e9sident du comit\u00e9<\/strong>:\u00a0Catherine Ronge<br \/>\n<strong>Composition<\/strong>:\u00a0Carolle Foissaud, Catherine Ronge et Pierre Guiollot.<\/p>\n<p>&nbsp;<\/p>\n<p><span style=\"color: #003869; font-size: 12pt;\"><strong>COMITE STRATEGIQUE ET RSE<\/strong><\/span><\/p>\n<div>\n<p>Ce comit\u00e9 a pour mission d'\u00e9valuer les opportunit\u00e9s de d\u00e9veloppement internes ou externes du Groupe dans de nouveaux secteurs d\u2019activit\u00e9s, notamment en mati\u00e8re num\u00e9rique, GNL comme carburant, cha\u00eene gaz et hydrog\u00e8ne. Il est \u00e9galement en charge du suivi de la strat\u00e9gie du Groupe en mati\u00e8re de Responsabilit\u00e9 Sociale et Environnementale.<\/p>\n<p><strong>Pr\u00e9sident du comit\u00e9\u00a0<\/strong>Antoine Rostand<br \/>\n<strong>Composition<\/strong>:\u00a0Antoine Rostand, Catherine Ronge et Luc Gillet.<\/p>\n<p>&nbsp;<\/p>\n<\/div>\n\n\t\t<\/div>\n\t<\/div>\n<\/div><\/div><\/div><\/div>\n<\/div>","protected":false},"excerpt":{"rendered":"<p>BOARD OF DIRECTORS The GTT&#8217;s Board of Directors hail from renowned global organizations and industries, bringing a diverse range of knowledge, perspective and experience to guide and drive long-term value to the company. Philippe BERTEROTTIERE, Chairman of GTT Mr. Philippe Berterotti\u00e8re joined GTT in 2009. He has more than 35 years of experience in advanced&hellip;<\/p>","protected":false},"author":1,"featured_media":0,"parent":0,"menu_order":0,"comment_status":"closed","ping_status":"closed","template":"","meta":{"footnotes":""},"class_list":["post-57764","page","type-page","status-publish","hentry","description-off"],"_links":{"self":[{"href":"http:\/\/stg-gtt.com\/fr\/wp-json\/wp\/v2\/pages\/57764","targetHints":{"allow":["GET"]}}],"collection":[{"href":"http:\/\/stg-gtt.com\/fr\/wp-json\/wp\/v2\/pages"}],"about":[{"href":"http:\/\/stg-gtt.com\/fr\/wp-json\/wp\/v2\/types\/page"}],"author":[{"embeddable":true,"href":"http:\/\/stg-gtt.com\/fr\/wp-json\/wp\/v2\/users\/1"}],"replies":[{"embeddable":true,"href":"http:\/\/stg-gtt.com\/fr\/wp-json\/wp\/v2\/comments?post=57764"}],"version-history":[{"count":35,"href":"http:\/\/stg-gtt.com\/fr\/wp-json\/wp\/v2\/pages\/57764\/revisions"}],"predecessor-version":[{"id":58367,"href":"http:\/\/stg-gtt.com\/fr\/wp-json\/wp\/v2\/pages\/57764\/revisions\/58367"}],"wp:attachment":[{"href":"http:\/\/stg-gtt.com\/fr\/wp-json\/wp\/v2\/media?parent=57764"}],"curies":[{"name":"wp","href":"https:\/\/api.w.org\/{rel}","templated":true}]}}