{"id":57762,"date":"2024-02-12T09:53:01","date_gmt":"2024-02-12T08:53:01","guid":{"rendered":"https:\/\/stg-gtt.com\/?page_id=57762"},"modified":"2024-06-10T11:49:04","modified_gmt":"2024-06-10T09:49:04","slug":"executive-committee","status":"publish","type":"page","link":"http:\/\/stg-gtt.com\/fr\/executive-committee\/","title":{"rendered":"Comit\u00e9 Ex\u00e9cutif"},"content":{"rendered":"<div class=\"wpb-content-wrapper\"><div class=\"vc_row wpb_row vc_row-fluid\"><div class=\"wpb_column vc_column_container vc_col-sm-12\"><div class=\"vc_column-inner\"><div class=\"wpb_wrapper\"><div class=\"dt-fancy-separator title-left h3-size\" style=\"width: 100%;\"><div class=\"dt-fancy-title\" style=\"color: #003869;\"><span class=\"separator-holder separator-left\" style=\"border-color: rgba(128,128,128,0.2);\"><\/span>COMIT\u00c9 EX\u00c9CUTIF DE GTT<span class=\"separator-holder separator-right\" style=\"border-color: rgba(128,128,128,0.2);\"><\/span><\/div><\/div><div class=\"vc_empty_space\"   style=\"height: 32px\"><span class=\"vc_empty_space_inner\"><\/span><\/div><\/div><\/div><\/div><\/div><div class=\"vc_row wpb_row vc_row-fluid\"><div class=\"wpb_column vc_column_container vc_col-sm-12\"><div class=\"vc_column-inner\"><div class=\"wpb_wrapper\"><div class=\"vc-hoverbox-wrapper  wpb_animate_when_almost_visible wpb_fadeIn fadeIn vc-hoverbox-shape--square vc-hoverbox-align--center vc-hoverbox-direction--default vc-hoverbox-width--20\"  ontouchstart=\"\">\n  <div class=\"vc-hoverbox\">\n    <div class=\"vc-hoverbox-inner\">\n      <div class=\"vc-hoverbox-block vc-hoverbox-front\" style=\"background-image: url(http:\/\/stg-gtt.com\/wp-content\/uploads\/2024\/05\/Jean-Baptiste-Choimet-DEF.jpg);\">\n        <div class=\"vc-hoverbox-block-inner vc-hoverbox-front-inner\">\n            \n        <\/div>\n      <\/div>\n      <div class=\"vc-hoverbox-block vc-hoverbox-back\" style=\"background-color: #003869;\">\n        <div class=\"vc-hoverbox-block-inner vc-hoverbox-back-inner\">\n            \n            <p style=\"text-align: center;\"><strong><span style=\"color: #ffffff; font-size: 14pt;\">JEAN-BAPTISTE CHOIMET<\/span><\/strong><\/p>\n<p style=\"text-align: center;\"><span style=\"color: #ffffff;\"><strong>CEO\u00a0<\/strong><\/span><\/p>\n\n            \n        <\/div>\n      <\/div>\n    <\/div>\n  <\/div>\n<\/div><div class=\"vc_empty_space\"   style=\"height: 32px\"><span class=\"vc_empty_space_inner\"><\/span><\/div>\n\t<div class=\"wpb_text_column wpb_content_element\" >\n\t\t<div class=\"wpb_wrapper\">\n\t\t\t<p style=\"text-align: center;\"><span style=\"font-size: 12pt;\"><span style=\"font-size: 14pt; color: #003869;\"><strong>J<\/strong><\/span><strong><span style=\"font-size: 14pt; color: #003869;\">EAN-BAPTISTE CHOIMET<\/span><br \/>\nDirecteur G\u00e9n\u00e9ral de GTT<\/strong><\/span><\/p>\n<p style=\"text-align: center;\">Jean-Baptiste Choimet has been Managing Director of Elogen since December 2020, following its acquisition by GTT. Jean-Baptiste Choimet began his career at EDF, where he participated in the development of the Dunkirk LNG terminal project. He then joined Soci\u00e9t\u00e9 G\u00e9n\u00e9rale to launch the liquefied natural gas trading desk. In 2012, he moved to Technip to serve first as Business Development Manager and then as Project Manager for large natural gas liquefaction projects in Australia and Russia. In 2019, he became Head of Operations at Bouygues Construction, in charge of deploying telecom networks. Jean-Baptiste Choimet is a graduate of France\u2019s Ecole Polytechnique and the University of Cambridge.<\/p>\n\n\t\t<\/div>\n\t<\/div>\n<div class=\"vc_empty_space\"   style=\"height: 52px\"><span class=\"vc_empty_space_inner\"><\/span><\/div><\/div><\/div><\/div><\/div><div class=\"vc_row wpb_row vc_row-fluid\"><div class=\"wpb_column vc_column_container vc_col-sm-3\"><div class=\"vc_column-inner\"><div class=\"wpb_wrapper\"><div class=\"vc-hoverbox-wrapper  wpb_animate_when_almost_visible wpb_fadeIn fadeIn vc-hoverbox-shape--square vc-hoverbox-align--center vc-hoverbox-direction--default vc-hoverbox-width--90\"  ontouchstart=\"\">\n  <div class=\"vc-hoverbox\">\n    <div class=\"vc-hoverbox-inner\">\n      <div class=\"vc-hoverbox-block vc-hoverbox-front\" style=\"background-image: url(http:\/\/stg-gtt.com\/wp-content\/uploads\/2024\/05\/Youssef-Bouni-prefeee-copie-819x1024.jpg);\">\n        <div class=\"vc-hoverbox-block-inner vc-hoverbox-front-inner\">\n            \n        <\/div>\n      <\/div>\n      <div class=\"vc-hoverbox-block vc-hoverbox-back\" style=\"background-color: #003869;\">\n        <div class=\"vc-hoverbox-block-inner vc-hoverbox-back-inner\">\n            \n            <p style=\"text-align: center;\"><span style=\"color: #ffffff; font-size: 14pt;\"><strong>Youssef Bouni<\/strong><\/span><\/p>\n<p style=\"text-align: center;\"><span style=\"color: #ffffff;\"><strong>Human Resources<br \/>\n<\/strong><\/span><strong style=\"color: #ffffff;\">Vice President<\/strong><\/p>\n\n            \n        <\/div>\n      <\/div>\n    <\/div>\n  <\/div>\n<\/div><div class=\"vc_empty_space\"   style=\"height: 32px\"><span class=\"vc_empty_space_inner\"><\/span><\/div><\/div><\/div><\/div><div class=\"wpb_column vc_column_container vc_col-sm-9\"><div class=\"vc_column-inner\"><div class=\"wpb_wrapper\">\n\t<div class=\"wpb_text_column wpb_content_element\" >\n\t\t<div class=\"wpb_wrapper\">\n\t\t\t<p><strong><span style=\"font-size: 14pt; color: #003869;\">YOUSSEF BOUNI<\/span><br \/>\n<span style=\"font-size: 12pt;\">Directeur des Ressources Humaines<\/span><\/strong><\/p>\n<div class=\"hr translation-block\">Youssef a rejoint GTT en Octobre 2021 en qualit\u00e9 de Directeur des Ressources Humaines du Groupe. Youssef b\u00e9n\u00e9ficie d\u2019une exp\u00e9rience de 20 ans au sein des directions des ressources humaines d\u2019organisations multinationales. Avant de rejoindre GTT, Youssef Bouni a exerc\u00e9 des fonctions RH chez CMA CGM, et a \u00e9t\u00e9 Directeur des Ressources Humaines en charge de la strat\u00e9gie et des affaires sociales au sein du groupe Soci\u00e9t\u00e9 G\u00e9n\u00e9rale. Il \u00e9tait auparavant Directeur des Ressources Humaines adjoint de TechnipFMC, Directeur des Ressources Humaines de Qatar Airways et avait occup\u00e9 des fonctions RH au sein de Schlumberger. \nYoussef est de formation universitaire en d\u00e9veloppement des ressources humaines \u00e0 Paris Sorbonne et au Conservatoire National des Arts et M\u00e9tiers.<\/div>\n\n\t\t<\/div>\n\t<\/div>\n<\/div><\/div><\/div><\/div><div class=\"vc_row wpb_row vc_row-fluid\"><div class=\"wpb_column vc_column_container vc_col-sm-3\"><div class=\"vc_column-inner\"><div class=\"wpb_wrapper\"><div class=\"vc-hoverbox-wrapper  wpb_animate_when_almost_visible wpb_fadeIn fadeIn vc-hoverbox-shape--square vc-hoverbox-align--center vc-hoverbox-direction--default vc-hoverbox-width--90\"  ontouchstart=\"\">\n  <div class=\"vc-hoverbox\">\n    <div class=\"vc-hoverbox-inner\">\n      <div class=\"vc-hoverbox-block vc-hoverbox-front\" style=\"background-image: url(http:\/\/stg-gtt.com\/wp-content\/uploads\/2024\/05\/Jean-Baptiste-Boutillier-copie-819x1024.jpg);\">\n        <div class=\"vc-hoverbox-block-inner vc-hoverbox-front-inner\">\n            \n        <\/div>\n      <\/div>\n      <div class=\"vc-hoverbox-block vc-hoverbox-back\" style=\"background-color: #003869;\">\n        <div class=\"vc-hoverbox-block-inner vc-hoverbox-back-inner\">\n            \n            <p style=\"text-align: center;\"><span style=\"color: #ffffff; font-size: 14pt;\"><strong>Jean-Baptiste Boutillier<\/strong><\/span><\/p>\n<p style=\"text-align: center;\"><span style=\"color: #ffffff;\"><strong>Directeur de l'Innovation<\/strong><\/span><\/p>\n\n            \n        <\/div>\n      <\/div>\n    <\/div>\n  <\/div>\n<\/div><div class=\"vc_empty_space\"   style=\"height: 32px\"><span class=\"vc_empty_space_inner\"><\/span><\/div><\/div><\/div><\/div><div class=\"wpb_column vc_column_container vc_col-sm-9\"><div class=\"vc_column-inner\"><div class=\"wpb_wrapper\">\n\t<div class=\"wpb_text_column wpb_content_element\" >\n\t\t<div class=\"wpb_wrapper\">\n\t\t\t<p><span style=\"font-size: 12pt;\"><strong><span style=\"font-size: 14pt; color: #003869;\">JEAN-BAPTISTE BOUTILLIER<\/span><br \/>\nDirecteur de l'Innovation<\/strong><\/span><\/p>\n<div class=\"hr text-align-justify\">Jean-Baptiste Boutillier a rejoint GTT en janvier 2021 et b\u00e9n\u00e9ficie de 17 ans  d\u2019exp\u00e9rience dans le monde du transport maritime et de la construction navale. Il a commenc\u00e9 sa carri\u00e8re chez CMA CGM en tant qu\u2019ing\u00e9nieur Constructions Neuves, et a ensuite encadr\u00e9 les \u00e9quipes Constructions Neuves,  R&amp;D, et Retrofit ainsi que le service IT de la filiale CMA Ships. Il a activement particip\u00e9 \u00e0 la construction et la livraison de plus de 130 navires porte-conteneurs de 1 700 EVP \u00e0 23 000 EVP, et notamment aux \u00e9tudes, \u00e0 la construction et livraison des navires Dual Fuel qui ont la technologie GTT pour les cuves GNL. Il est titulaire d\u2018un dipl\u00f4me d\u2019ing\u00e9nieur de l\u2019\u00c9cole Polytechnique (X98) et de l\u2019ENSTA (promo 2003), ainsi que d\u2019un EMBA en 2012 (Euromed \u2013 Kedge Marseille).<\/div>\n\n\t\t<\/div>\n\t<\/div>\n<\/div><\/div><\/div><\/div><div class=\"vc_row wpb_row vc_row-fluid\"><div class=\"wpb_column vc_column_container vc_col-sm-3\"><div class=\"vc_column-inner\"><div class=\"wpb_wrapper\"><div class=\"vc-hoverbox-wrapper  wpb_animate_when_almost_visible wpb_fadeIn fadeIn vc-hoverbox-shape--square vc-hoverbox-align--center vc-hoverbox-direction--default vc-hoverbox-width--90\"  ontouchstart=\"\">\n  <div class=\"vc-hoverbox\">\n    <div class=\"vc-hoverbox-inner\">\n      <div class=\"vc-hoverbox-block vc-hoverbox-front\" style=\"background-image: url(http:\/\/stg-gtt.com\/wp-content\/uploads\/2024\/05\/Karim-Chapot-copie.jpg);\">\n        <div class=\"vc-hoverbox-block-inner vc-hoverbox-front-inner\">\n            \n        <\/div>\n      <\/div>\n      <div class=\"vc-hoverbox-block vc-hoverbox-back\" style=\"background-color: #003869;\">\n        <div class=\"vc-hoverbox-block-inner vc-hoverbox-back-inner\">\n            \n            <p style=\"text-align: center;\"><span style=\"color: #ffffff; font-size: 14pt;\"><strong>Karim Chapot<\/strong><\/span><\/p>\n<p style=\"text-align: center;\"><span style=\"color: #ffffff;\"><strong>Directeur Technique<\/strong><\/span><\/p>\n\n            \n        <\/div>\n      <\/div>\n    <\/div>\n  <\/div>\n<\/div><div class=\"vc_empty_space\"   style=\"height: 32px\"><span class=\"vc_empty_space_inner\"><\/span><\/div><\/div><\/div><\/div><div class=\"wpb_column vc_column_container vc_col-sm-9\"><div class=\"vc_column-inner\"><div class=\"wpb_wrapper\">\n\t<div class=\"wpb_text_column wpb_content_element\" >\n\t\t<div class=\"wpb_wrapper\">\n\t\t\t<p><span style=\"font-size: 14pt; color: #003869;\"><strong>KARIM CHAPOT<\/strong><\/span><br \/>\n<span style=\"font-size: 12pt;\"><strong>Directeur Technique<\/strong><\/span><\/p>\n<p>Karim Chapot a rejoint GTT en 1999 en qualit\u00e9 d\u2019ing\u00e9nieur, b\u00e9n\u00e9ficie de 22 ann\u00e9es d\u2019exp\u00e9rience dans le secteur du transport maritime. En 2002, il devient responsable du d\u00e9partement calculs de structure avant d\u2019\u00eatre promu Directeur du d\u00e9veloppement en 2007. Il avait auparavant occup\u00e9 diverses fonctions au sein des Chantiers navals de Cherbourg et aux Ateliers et Chantiers du Havre (chantiers navals). Il est titulaire d\u2019un dipl\u00f4me d\u2019architecture navale et offshore de l\u2019ENSTA Bretagne (\u00c9cole Nationale Sup\u00e9rieure de Techniques Avanc\u00e9es Bretagne) et d\u2019un dipl\u00f4me d\u2019Executive MBA d\u2019HEC.<\/p>\n\n\t\t<\/div>\n\t<\/div>\n<\/div><\/div><\/div><\/div><div class=\"vc_row wpb_row vc_row-fluid\"><div class=\"wpb_column vc_column_container vc_col-sm-3\"><div class=\"vc_column-inner\"><div class=\"wpb_wrapper\"><div class=\"vc-hoverbox-wrapper  wpb_animate_when_almost_visible wpb_fadeIn fadeIn vc-hoverbox-shape--square vc-hoverbox-align--center vc-hoverbox-direction--default vc-hoverbox-width--90\"  ontouchstart=\"\">\n  <div class=\"vc-hoverbox\">\n    <div class=\"vc-hoverbox-inner\">\n      <div class=\"vc-hoverbox-block vc-hoverbox-front\" style=\"background-image: url(http:\/\/stg-gtt.com\/wp-content\/uploads\/2024\/05\/David-Colson-copie-819x1024.jpg);\">\n        <div class=\"vc-hoverbox-block-inner vc-hoverbox-front-inner\">\n            \n        <\/div>\n      <\/div>\n      <div class=\"vc-hoverbox-block vc-hoverbox-back\" style=\"background-color: #003869;\">\n        <div class=\"vc-hoverbox-block-inner vc-hoverbox-back-inner\">\n            \n            <p style=\"text-align: center;\"><span style=\"color: #ffffff; font-size: 14pt;\"><strong>David Colson<\/strong><\/span><\/p>\n<p style=\"text-align: center;\"><span style=\"color: #ffffff;\"><strong>Directeur Commercial<\/strong><\/span><\/p>\n\n            \n        <\/div>\n      <\/div>\n    <\/div>\n  <\/div>\n<\/div><div class=\"vc_empty_space\"   style=\"height: 32px\"><span class=\"vc_empty_space_inner\"><\/span><\/div><\/div><\/div><\/div><div class=\"wpb_column vc_column_container vc_col-sm-9\"><div class=\"vc_column-inner\"><div class=\"wpb_wrapper\">\n\t<div class=\"wpb_text_column wpb_content_element\" >\n\t\t<div class=\"wpb_wrapper\">\n\t\t\t<p><span style=\"font-size: 14pt; color: #003869;\"><strong>DAVID COLSON<\/strong><\/span><br \/>\n<span style=\"font-size: 12pt;\"><strong>Directeur Commercial<\/strong><\/span><\/p>\n<p>David Colson a rejoint GTT en 2004 et b\u00e9n\u00e9ficie de pr\u00e8s de 30 ans d\u2019exp\u00e9rience principalement dans le secteur automobile et ensuite chez GTT. Au cours de sa carri\u00e8re chez GTT, il a \u00e9t\u00e9 chef de projet sur les chantiers navals jusqu\u2019en 2008 et responsable du d\u00e9partement de d\u00e9veloppement des affaires jusqu\u2019en 2010, date \u00e0 laquelle il a \u00e9t\u00e9 nomm\u00e9 Directeur commercial. Il avait auparavant occup\u00e9 diverses fonctions au sein des soci\u00e9t\u00e9s APV, ACOME et Valeo Filtration Systems. Il est dipl\u00f4m\u00e9 de l\u2019Universit\u00e9 de Birmingham en ing\u00e9nierie m\u00e9canique et en gestion d\u2019entreprise (Bachelor of Engineering et Bachelor of Commerce).<\/p>\n\n\t\t<\/div>\n\t<\/div>\n<\/div><\/div><\/div><\/div><div class=\"vc_row wpb_row vc_row-fluid\"><div class=\"wpb_column vc_column_container vc_col-sm-3\"><div class=\"vc_column-inner\"><div class=\"wpb_wrapper\"><div class=\"vc-hoverbox-wrapper  wpb_animate_when_almost_visible wpb_fadeIn fadeIn vc-hoverbox-shape--square vc-hoverbox-align--center vc-hoverbox-direction--default vc-hoverbox-width--90\"  ontouchstart=\"\">\n  <div class=\"vc-hoverbox\">\n    <div class=\"vc-hoverbox-inner\">\n      <div class=\"vc-hoverbox-block vc-hoverbox-front\" style=\"background-image: url(http:\/\/stg-gtt.com\/wp-content\/uploads\/2024\/05\/Lelia-Ghillini-copie-820x1024.jpg);\">\n        <div class=\"vc-hoverbox-block-inner vc-hoverbox-front-inner\">\n            \n        <\/div>\n      <\/div>\n      <div class=\"vc-hoverbox-block vc-hoverbox-back\" style=\"background-color: #003869;\">\n        <div class=\"vc-hoverbox-block-inner vc-hoverbox-back-inner\">\n            \n            <p style=\"text-align: center;\"><span style=\"color: #ffffff; font-size: 14pt;\"><strong>L\u00e9lia Ghilini<\/strong><\/span><\/p>\n<p style=\"text-align: center;\"><span style=\"color: #ffffff;\"><strong>Secr\u00e9taire G\u00e9n\u00e9rale<\/strong><\/span><\/p>\n\n            \n        <\/div>\n      <\/div>\n    <\/div>\n  <\/div>\n<\/div><div class=\"vc_empty_space\"   style=\"height: 32px\"><span class=\"vc_empty_space_inner\"><\/span><\/div><\/div><\/div><\/div><div class=\"wpb_column vc_column_container vc_col-sm-9\"><div class=\"vc_column-inner\"><div class=\"wpb_wrapper\">\n\t<div class=\"wpb_text_column wpb_content_element\" >\n\t\t<div class=\"wpb_wrapper\">\n\t\t\t<p><span style=\"font-size: 14pt; color: #003869;\"><strong>L\u00c9LIA GHILINI<\/strong><\/span><br \/>\n<span style=\"font-size: 12pt;\"><strong>Secr\u00e9taire G\u00e9n\u00e9rale<\/strong><\/span><\/p>\n<p>L\u00e9lia Ghilini a rejoint GTT en 2014 en qualit\u00e9 de Directeur Juridique et secr\u00e9taire du Conseil d'administration, apr\u00e8s une exp\u00e9rience de deux ans au minist\u00e8re de l\u2019Economie et des Finances en qualit\u00e9 de charg\u00e9e de mission (Affaires europ\u00e9ennes). Ancienne avocate aux barreaux de Paris et de New York, elle avait auparavant exerc\u00e9 pendant pr\u00e8s de 10 ans en fusions-acquisitions au sein de plusieurs cabinets d\u2019avocats de premier plan, puis au minist\u00e8re de l'Economie et des Finances (Affaires Europ\u00e9ennes). L\u00e9lia Ghilini est titulaire d\u2019un DESS en droit des affaires et du dipl\u00f4me de juriste-conseil en entreprises (DJCE) de l\u2019Universit\u00e9 Paris II (Panth\u00e9on-Assas). Elle est \u00e9galement titulaire d\u2019un LL.M de New York University. En 2019, L\u00e9lia Ghilini est nomm\u00e9e Secr\u00e9taire G\u00e9n\u00e9ral de GTT, en charge du juridique, de la conformit\u00e9, de la RSE, de la qualit\u00e9 et du HSE.<\/p>\n\n\t\t<\/div>\n\t<\/div>\n<\/div><\/div><\/div><\/div><div class=\"vc_row wpb_row vc_row-fluid\"><div class=\"wpb_column vc_column_container vc_col-sm-3\"><div class=\"vc_column-inner\"><div class=\"wpb_wrapper\"><div class=\"vc-hoverbox-wrapper  wpb_animate_when_almost_visible wpb_fadeIn fadeIn vc-hoverbox-shape--square vc-hoverbox-align--center vc-hoverbox-direction--default vc-hoverbox-width--90\"  ontouchstart=\"\">\n  <div class=\"vc-hoverbox\">\n    <div class=\"vc-hoverbox-inner\">\n      <div class=\"vc-hoverbox-block vc-hoverbox-front\" style=\"background-image: url(http:\/\/stg-gtt.com\/wp-content\/uploads\/2024\/03\/Thierry-Hochoa-WEB2-926x1024.jpg);\">\n        <div class=\"vc-hoverbox-block-inner vc-hoverbox-front-inner\">\n            \n        <\/div>\n      <\/div>\n      <div class=\"vc-hoverbox-block vc-hoverbox-back\" style=\"background-color: #003869;\">\n        <div class=\"vc-hoverbox-block-inner vc-hoverbox-back-inner\">\n            \n            <p style=\"text-align: center;\"><span style=\"color: #ffffff; font-size: 14pt;\"><strong>Thierry Hochoa<\/strong><\/span><\/p>\n<p style=\"text-align: center;\"><span style=\"color: #ffffff;\"><strong>Directeur Administratif et Financier\u00a0<\/strong><\/span><\/p>\n\n            \n        <\/div>\n      <\/div>\n    <\/div>\n  <\/div>\n<\/div><div class=\"vc_empty_space\"   style=\"height: 32px\"><span class=\"vc_empty_space_inner\"><\/span><\/div><\/div><\/div><\/div><div class=\"wpb_column vc_column_container vc_col-sm-9\"><div class=\"vc_column-inner\"><div class=\"wpb_wrapper\">\n\t<div class=\"wpb_text_column wpb_content_element\" >\n\t\t<div class=\"wpb_wrapper\">\n\t\t\t<p><span style=\"font-size: 14pt; color: #003869;\"><strong>THIERRY HOCHOA<\/strong><\/span><br \/>\n<span style=\"font-size: 12pt;\"><strong>Directeur Administratif et Financier\u00a0<\/strong><\/span><\/p>\n<div class=\"hr text-align-justify\">Thierry Hochoa est nomm\u00e9 Directeur Administratif et Financier en septembre 2023.  Il b\u00e9n\u00e9ficie de plus de 25 ans d\u2019exp\u00e9rience dans la fonction Finance au sein de grandes entreprises internationales. Thierry a d\u00e9but\u00e9 sa carri\u00e8re en 1994 en tant qu'auditeur externe chez Arthur Andersen, puis Ernst &amp; Young (EY). En 2004, il rejoint Technip, d'abord en tant que Directeur de l'audit interne, puis occupe diff\u00e9rentes fonctions financi\u00e8res au niveau du groupe avant de devenir, en 2011, Directeur du Contr\u00f4le financier du groupe. En 2013, il est nomm\u00e9 Directeur financier des op\u00e9rations en Asie du Sud-Est sur le projet cl\u00e9 Yamal \u00e0 Shanghai. En f\u00e9vrier 2016, il devient Vice-Pr\u00e9sident Finance &amp; Contr\u00f4leur Groupe \u00e0 Paris. En mars 2018, Thierry Hochoa rejoint Bourbon Offshore et devient le Directeur G\u00e9n\u00e9ral adjoint en charge des finances du groupe, avant d\u2019int\u00e9grer en 2020 les activit\u00e9s de shipping et de logistique de CMA-CGM, o\u00f9 il devient le Directeur Financier des activit\u00e9s logistiques. Thierry est dipl\u00f4m\u00e9 de l\u2019IAE Paris et de l\u2019ESCP Business School. Il \u00e9galement titulaire du dipl\u00f4me d\u2019Expertise-Comptable.<\/div>\n\n\t\t<\/div>\n\t<\/div>\n<div class=\"vc_empty_space\"   style=\"height: 20px\"><span class=\"vc_empty_space_inner\"><\/span><\/div><\/div><\/div><\/div><\/div><div class=\"vc_row wpb_row vc_row-fluid\"><div class=\"wpb_column vc_column_container vc_col-sm-3\"><div class=\"vc_column-inner\"><div class=\"wpb_wrapper\"><div class=\"vc-hoverbox-wrapper  wpb_animate_when_almost_visible wpb_fadeIn fadeIn vc-hoverbox-shape--square vc-hoverbox-align--center vc-hoverbox-direction--default vc-hoverbox-width--90\"  ontouchstart=\"\">\n  <div class=\"vc-hoverbox\">\n    <div class=\"vc-hoverbox-inner\">\n      <div class=\"vc-hoverbox-block vc-hoverbox-front\" style=\"background-image: url(http:\/\/stg-gtt.com\/wp-content\/uploads\/2024\/05\/Anouar-Kiassi-copie-820x1024.jpg);\">\n        <div class=\"vc-hoverbox-block-inner vc-hoverbox-front-inner\">\n            \n        <\/div>\n      <\/div>\n      <div class=\"vc-hoverbox-block vc-hoverbox-back\" style=\"background-color: #003869;\">\n        <div class=\"vc-hoverbox-block-inner vc-hoverbox-back-inner\">\n            \n            <p style=\"text-align: center;\"><span style=\"color: #ffffff; font-size: 14pt;\"><strong>Anouar Kiassi<\/strong><\/span><\/p>\n<p style=\"text-align: center;\"><span style=\"color: #ffffff;\"><strong>Directeur du Digital<\/strong><\/span><\/p>\n\n            \n        <\/div>\n      <\/div>\n    <\/div>\n  <\/div>\n<\/div><div class=\"vc_empty_space\"   style=\"height: 32px\"><span class=\"vc_empty_space_inner\"><\/span><\/div><\/div><\/div><\/div><div class=\"wpb_column vc_column_container vc_col-sm-9\"><div class=\"vc_column-inner\"><div class=\"wpb_wrapper\">\n\t<div class=\"wpb_text_column wpb_content_element\" >\n\t\t<div class=\"wpb_wrapper\">\n\t\t\t<div>\n<p class=\"video_right\"><span style=\"font-size: 12pt;\"><strong><span style=\"font-size: 14pt; color: #003869;\">ANOUAR KIASSI<\/span><br \/>\nDigital Vice President<\/strong><\/span><\/p>\n<\/div>\n<p class=\"text-align-justify\">Anouar Kiassi a rejoint GTT en 2018. Il b\u00e9n\u00e9ficie de 12 ans d\u2019exp\u00e9rience en digitalisation et syst\u00e8mes d\u2019information. Il a auparavant occup\u00e9 diverses fonctions en g\u00e9nie logiciel, puis en conseil et gestion de programmes digitaux, avant de rejoindre le groupe Rousselet au sein duquel il a exerc\u00e9 des missions de transformation digitale de l\u2019activit\u00e9, de management de projets et de responsable de d\u00e9partement. Il est titulaire d\u2019un double dipl\u00f4me en g\u00e9nie logiciel de T\u00e9l\u00e9com ParisTech \u00e0 Paris et de sciences de l\u2019informatique de l\u2019\u00c9cole Polytechnique \u00e0 Palaiseau.<\/p>\n\n\t\t<\/div>\n\t<\/div>\n<\/div><\/div><\/div><\/div>\n<\/div>","protected":false},"excerpt":{"rendered":"<p>GTT&#039;S EXECUTIVE COMMITTEE JEAN-BAPTISTE CHOIMET CEO\u00a0 JEAN-BAPTISTE CHOIMET CEO of GTT Jean-Baptiste Choimet has been Managing Director of Elogen since December 2020, following its acquisition by GTT. Jean-Baptiste Choimet began his career at EDF, where he participated in the development of the Dunkirk LNG terminal project. He then joined Soci\u00e9t\u00e9 G\u00e9n\u00e9rale to launch the liquefied&hellip;<\/p>","protected":false},"author":1,"featured_media":58681,"parent":0,"menu_order":0,"comment_status":"closed","ping_status":"closed","template":"","meta":{"footnotes":""},"class_list":["post-57762","page","type-page","status-publish","has-post-thumbnail","hentry","description-off"],"_links":{"self":[{"href":"http:\/\/stg-gtt.com\/fr\/wp-json\/wp\/v2\/pages\/57762","targetHints":{"allow":["GET"]}}],"collection":[{"href":"http:\/\/stg-gtt.com\/fr\/wp-json\/wp\/v2\/pages"}],"about":[{"href":"http:\/\/stg-gtt.com\/fr\/wp-json\/wp\/v2\/types\/page"}],"author":[{"embeddable":true,"href":"http:\/\/stg-gtt.com\/fr\/wp-json\/wp\/v2\/users\/1"}],"replies":[{"embeddable":true,"href":"http:\/\/stg-gtt.com\/fr\/wp-json\/wp\/v2\/comments?post=57762"}],"version-history":[{"count":55,"href":"http:\/\/stg-gtt.com\/fr\/wp-json\/wp\/v2\/pages\/57762\/revisions"}],"predecessor-version":[{"id":59589,"href":"http:\/\/stg-gtt.com\/fr\/wp-json\/wp\/v2\/pages\/57762\/revisions\/59589"}],"wp:featuredmedia":[{"embeddable":true,"href":"http:\/\/stg-gtt.com\/fr\/wp-json\/wp\/v2\/media\/58681"}],"wp:attachment":[{"href":"http:\/\/stg-gtt.com\/fr\/wp-json\/wp\/v2\/media?parent=57762"}],"curies":[{"name":"wp","href":"https:\/\/api.w.org\/{rel}","templated":true}]}}